{"id":969,"date":"2016-10-13T11:27:50","date_gmt":"2016-10-13T15:27:50","guid":{"rendered":"https:\/\/redleafmedical.com\/fr\/?page_id=969"},"modified":"2021-09-08T10:50:04","modified_gmt":"2021-09-08T14:50:04","slug":"company-overview","status":"publish","type":"page","link":"https:\/\/redleafmedical.com\/fr\/company-overview\/","title":{"rendered":"\u00c0 PROPOS DE NOUS"},"content":{"rendered":"<div class=\"fusion-fullwidth fullwidth-box fusion-builder-row-1 fusion-flex-container nonhundred-percent-fullwidth non-hundred-percent-height-scrolling\" style=\"--awb-border-radius-top-left:0px;--awb-border-radius-top-right:0px;--awb-border-radius-bottom-right:0px;--awb-border-radius-bottom-left:0px;--awb-overflow:visible;--awb-flex-wrap:wrap;\" ><div class=\"fusion-builder-row fusion-row fusion-flex-align-items-flex-start fusion-flex-content-wrap\" style=\"max-width:calc( 1300px + 20px );margin-left: calc(-20px \/ 2 );margin-right: calc(-20px \/ 2 );\"><div class=\"fusion-layout-column fusion_builder_column fusion-builder-column-0 fusion_builder_column_1_1 1_1 fusion-flex-column fusion-animated\" style=\"--awb-bg-color:rgba(255,255,255,0.77);--awb-bg-color-hover:rgba(255,255,255,0.77);--awb-bg-size:cover;--awb-width-large:100%;--awb-margin-top-large:0px;--awb-spacing-right-large:10px;--awb-margin-bottom-large:20px;--awb-spacing-left-large:10px;--awb-width-medium:100%;--awb-order-medium:0;--awb-spacing-right-medium:10px;--awb-spacing-left-medium:10px;--awb-width-small:100%;--awb-order-small:2;--awb-spacing-right-small:10px;--awb-spacing-left-small:10px;\" data-animationType=\"fadeInDown\" data-animationDuration=\"0.9\" data-animationOffset=\"top-into-view\"><div class=\"fusion-column-wrapper fusion-column-has-shadow fusion-flex-justify-content-flex-start fusion-content-layout-column\"><div class=\"fusion-text fusion-text-1 fusion-text-no-margin\" style=\"--awb-content-alignment:left;--awb-margin-top:10px;--awb-margin-bottom:30px;\"><p>Les produits et solutions de qualit\u00e9 sup\u00e9rieure de Red Leaf Medical permettent aux fournisseurs de soins de sant\u00e9 d\u2019offrir des traitements de pointe \u00e0 leurs patients dans les domaines de l\u2019urologie et des maladies infectieuses. Fond\u00e9e en 2009, Red Leaf Medical est sur une trajectoire de croissance positive et continue d\u2019\u00e9largir son portefeuille en lan\u00e7ant de nouveaux produits et services importants, tels que <strong><a href=\"https:\/\/redleafmedical.com\/fr\/produits\/pelvic-floor-health\/cathetersplus\/\">CathetersPLUS<sup>MC<\/sup><\/a><\/strong> et <strong><a href=\"https:\/\/redleafmedical.com\/fr\/produits\/fertility-2\/\">ConceptionPLUS<sup>MC<\/sup><\/a><\/strong>.<\/p>\n<p>L\u2019\u00e9quipe de professionnels d\u00e9vou\u00e9s de Red Leaf Medical est motiv\u00e9e \u00e0 aider les patients \u00e0 profiter de chaque journ\u00e9e en r\u00e9pondant \u00e0 leurs besoins uniques en sant\u00e9. La soci\u00e9t\u00e9 offre \u00e0 son \u00e9quipe talentueuse une exp\u00e9rience de travail enrichissante lui permettant de s\u2019\u00e9panouir dans un environnement ax\u00e9 sur le patient et le client.<\/p>\n<p>Red Leaf Medical croit qu\u2019il faut redonner \u00e0 la communaut\u00e9. Chaque ann\u00e9e, les employ\u00e9s choisissent une association caritative qui recevra les dons amass\u00e9s gr\u00e2ce \u00e0 des activit\u00e9s de collecte de fonds. Red Leaf Medical s\u2019engage \u00e0 verser une contribution \u00e9gale aux montants re\u00e7us en dons. Les organismes soutenus comprennent CAMH: The Centre for Addiction and Mental Health  et centre local The Compass Food Bank and Outreach Centre.<\/p>\n<p>Red Leaf Medical, qui s\u2019est engag\u00e9e \u00e0 d\u00e9velopper et soutenir la place de p\u00f4le du Canada dans l\u2019innovation en soins de sant\u00e9, est membre de BIOTECanada et du Canadian Antimicrobial Resistance Innovation Council.<\/p>\n<\/div><div class=\"fusion-text fusion-text-2 fusion-text-no-margin profit-logos\" style=\"--awb-margin-bottom:40px;\"><p style=\"text-align: center;\"><img decoding=\"async\" class=\"lazyload alignnone size-full wp-image-1396\" src=\"data:image\/svg+xml,%3Csvg%20xmlns%3D%27http%3A%2F%2Fwww.w3.org%2F2000%2Fsvg%27%20width%3D%2790%27%20height%3D%27133%27%20viewBox%3D%270%200%2090%20133%27%3E%3Crect%20width%3D%2790%27%20height%3D%27133%27%20fill-opacity%3D%220%22%2F%3E%3C%2Fsvg%3E\" data-orig-src=\"https:\/\/redleafmedical.com\/wp-content\/uploads\/PROFIT500Logo-2017-FR-BLUE.jpg\" alt=\"\" width=\"90\" height=\"133\" \/><img decoding=\"async\" class=\"lazyload alignnone size-full wp-image-869\" src=\"data:image\/svg+xml,%3Csvg%20xmlns%3D%27http%3A%2F%2Fwww.w3.org%2F2000%2Fsvg%27%20width%3D%2790%27%20height%3D%27132%27%20viewBox%3D%270%200%2090%20132%27%3E%3Crect%20width%3D%2790%27%20height%3D%27132%27%20fill-opacity%3D%220%22%2F%3E%3C%2Fsvg%3E\" data-orig-src=\"https:\/\/redleafmedical.com\/wp-content\/uploads\/2016-profit-label.jpg\" alt=\"\" width=\"90\" height=\"132\" \/><img decoding=\"async\" class=\"lazyload alignnone size-full wp-image-886\" src=\"data:image\/svg+xml,%3Csvg%20xmlns%3D%27http%3A%2F%2Fwww.w3.org%2F2000%2Fsvg%27%20width%3D%2790%27%20height%3D%27132%27%20viewBox%3D%270%200%2090%20132%27%3E%3Crect%20width%3D%2790%27%20height%3D%27132%27%20fill-opacity%3D%220%22%2F%3E%3C%2Fsvg%3E\" data-orig-src=\"https:\/\/redleafmedical.com\/wp-content\/uploads\/2015-profit500-sm.jpg\" alt=\"\" width=\"90\" height=\"132\" \/><\/p>\n<\/div><div class=\"fusion-builder-row fusion-builder-row-inner fusion-row fusion-flex-align-items-flex-start fusion-flex-content-wrap\" style=\"width:calc( 100% + 20px ) !important;max-width:calc( 100% + 20px ) !important;margin-left: calc(-20px \/ 2 );margin-right: calc(-20px \/ 2 );\"><div class=\"fusion-layout-column fusion_builder_column_inner fusion-builder-nested-column-0 fusion_builder_column_inner_1_2 1_2 fusion-flex-column\" style=\"--awb-padding-left:160px;--awb-bg-size:cover;--awb-width-large:50%;--awb-margin-top-large:0px;--awb-spacing-right-large:10px;--awb-margin-bottom-large:20px;--awb-spacing-left-large:10px;--awb-width-medium:100%;--awb-order-medium:0;--awb-spacing-right-medium:10px;--awb-spacing-left-medium:10px;--awb-width-small:100%;--awb-order-small:0;--awb-spacing-right-small:10px;--awb-spacing-left-small:10px;\"><div class=\"fusion-column-wrapper fusion-column-has-shadow fusion-flex-justify-content-flex-start fusion-content-layout-column\"><div class=\"fusion-image-element \" style=\"--awb-caption-title-font-family:var(--h2_typography-font-family);--awb-caption-title-font-weight:var(--h2_typography-font-weight);--awb-caption-title-font-style:var(--h2_typography-font-style);--awb-caption-title-size:var(--h2_typography-font-size);--awb-caption-title-transform:var(--h2_typography-text-transform);--awb-caption-title-line-height:var(--h2_typography-line-height);--awb-caption-title-letter-spacing:var(--h2_typography-letter-spacing);\"><span class=\" fusion-imageframe imageframe-none imageframe-1 hover-type-none\"><img decoding=\"async\" width=\"312\" height=\"154\" alt=\"Biote Canada\" title=\"biote-cut\" src=\"https:\/\/redleafmedical.com\/wp-content\/uploads\/biote-cut-1.jpg\" data-orig-src=\"https:\/\/redleafmedical.com\/wp-content\/uploads\/biote-cut-1.jpg\" class=\"lazyload img-responsive wp-image-3521\" srcset=\"data:image\/svg+xml,%3Csvg%20xmlns%3D%27http%3A%2F%2Fwww.w3.org%2F2000%2Fsvg%27%20width%3D%27312%27%20height%3D%27154%27%20viewBox%3D%270%200%20312%20154%27%3E%3Crect%20width%3D%27312%27%20height%3D%27154%27%20fill-opacity%3D%220%22%2F%3E%3C%2Fsvg%3E\" data-srcset=\"https:\/\/redleafmedical.com\/wp-content\/uploads\/biote-cut-1-200x99.jpg 200w, https:\/\/redleafmedical.com\/wp-content\/uploads\/biote-cut-1.jpg 312w\" data-sizes=\"auto\" data-orig-sizes=\"(max-width: 1024px) 100vw, (max-width: 640px) 100vw, 312px\" \/><\/span><\/div><\/div><\/div><div class=\"fusion-layout-column fusion_builder_column_inner fusion-builder-nested-column-1 fusion_builder_column_inner_1_2 1_2 fusion-flex-column\" style=\"--awb-bg-size:cover;--awb-width-large:50%;--awb-margin-top-large:0px;--awb-spacing-right-large:10px;--awb-margin-bottom-large:20px;--awb-spacing-left-large:10px;--awb-width-medium:100%;--awb-order-medium:0;--awb-spacing-right-medium:10px;--awb-spacing-left-medium:10px;--awb-width-small:100%;--awb-order-small:0;--awb-spacing-right-small:10px;--awb-spacing-left-small:10px;\"><div class=\"fusion-column-wrapper fusion-column-has-shadow fusion-flex-justify-content-flex-start fusion-content-layout-column\"><div class=\"fusion-image-element \" style=\"--awb-max-width:409px;--awb-caption-title-font-family:var(--h2_typography-font-family);--awb-caption-title-font-weight:var(--h2_typography-font-weight);--awb-caption-title-font-style:var(--h2_typography-font-style);--awb-caption-title-size:var(--h2_typography-font-size);--awb-caption-title-transform:var(--h2_typography-text-transform);--awb-caption-title-line-height:var(--h2_typography-line-height);--awb-caption-title-letter-spacing:var(--h2_typography-letter-spacing);\"><span class=\" fusion-imageframe imageframe-none imageframe-2 hover-type-none\"><img decoding=\"async\" width=\"761\" height=\"241\" alt=\"CAIC\" title=\"CAIC_Logo_small\" src=\"https:\/\/redleafmedical.com\/wp-content\/uploads\/CAIC_Logo_small.png\" data-orig-src=\"https:\/\/redleafmedical.com\/wp-content\/uploads\/CAIC_Logo_small.png\" class=\"lazyload img-responsive wp-image-1773\" srcset=\"data:image\/svg+xml,%3Csvg%20xmlns%3D%27http%3A%2F%2Fwww.w3.org%2F2000%2Fsvg%27%20width%3D%27761%27%20height%3D%27241%27%20viewBox%3D%270%200%20761%20241%27%3E%3Crect%20width%3D%27761%27%20height%3D%27241%27%20fill-opacity%3D%220%22%2F%3E%3C%2Fsvg%3E\" data-srcset=\"https:\/\/redleafmedical.com\/wp-content\/uploads\/CAIC_Logo_small-200x63.png 200w, https:\/\/redleafmedical.com\/wp-content\/uploads\/CAIC_Logo_small-400x127.png 400w, https:\/\/redleafmedical.com\/wp-content\/uploads\/CAIC_Logo_small-600x190.png 600w, https:\/\/redleafmedical.com\/wp-content\/uploads\/CAIC_Logo_small.png 761w\" data-sizes=\"auto\" data-orig-sizes=\"(max-width: 1024px) 100vw, (max-width: 640px) 100vw, 761px\" \/><\/span><\/div><\/div><\/div><\/div><\/div><\/div><\/div><\/div>\n","protected":false},"excerpt":{"rendered":"","protected":false},"author":1,"featured_media":0,"parent":0,"menu_order":0,"comment_status":"closed","ping_status":"closed","template":"100-width.php","meta":{"footnotes":""},"class_list":["post-969","page","type-page","status-publish","hentry"],"yoast_head":"<!-- This site is optimized with the Yoast SEO plugin v27.3 - https:\/\/yoast.com\/product\/yoast-seo-wordpress\/ -->\n<title>\u00c0 PROPOS DE NOUS - Red Leaf Medical<\/title>\n<meta name=\"robots\" content=\"index, follow, max-snippet:-1, max-image-preview:large, max-video-preview:-1\" \/>\n<link rel=\"canonical\" href=\"https:\/\/redleafmedical.com\/fr\/company-overview\/\" \/>\n<meta property=\"og:locale\" content=\"en_US\" \/>\n<meta property=\"og:type\" content=\"article\" \/>\n<meta property=\"og:title\" content=\"\u00c0 PROPOS DE NOUS - Red Leaf Medical\" \/>\n<meta property=\"og:url\" content=\"https:\/\/redleafmedical.com\/fr\/company-overview\/\" \/>\n<meta property=\"og:site_name\" content=\"Red Leaf Medical\" \/>\n<meta property=\"article:modified_time\" content=\"2021-09-08T14:50:04+00:00\" \/>\n<meta property=\"og:image\" content=\"https:\/\/redleafmedical.com\/wp-content\/uploads\/PROFIT500Logo-2017-FR-BLUE.jpg\" \/>\n<meta name=\"twitter:card\" content=\"summary_large_image\" \/>\n<script type=\"application\/ld+json\" class=\"yoast-schema-graph\">{\"@context\":\"https:\\\/\\\/schema.org\",\"@graph\":[{\"@type\":\"WebPage\",\"@id\":\"https:\\\/\\\/redleafmedical.com\\\/fr\\\/company-overview\\\/\",\"url\":\"https:\\\/\\\/redleafmedical.com\\\/fr\\\/company-overview\\\/\",\"name\":\"\u00c0 PROPOS DE NOUS - Red Leaf Medical\",\"isPartOf\":{\"@id\":\"https:\\\/\\\/redleafmedical.com\\\/#website\"},\"primaryImageOfPage\":{\"@id\":\"https:\\\/\\\/redleafmedical.com\\\/fr\\\/company-overview\\\/#primaryimage\"},\"image\":{\"@id\":\"https:\\\/\\\/redleafmedical.com\\\/fr\\\/company-overview\\\/#primaryimage\"},\"thumbnailUrl\":\"https:\\\/\\\/redleafmedical.com\\\/wp-content\\\/uploads\\\/PROFIT500Logo-2017-FR-BLUE.jpg\",\"datePublished\":\"2016-10-13T15:27:50+00:00\",\"dateModified\":\"2021-09-08T14:50:04+00:00\",\"breadcrumb\":{\"@id\":\"https:\\\/\\\/redleafmedical.com\\\/fr\\\/company-overview\\\/#breadcrumb\"},\"inLanguage\":\"redleaf-fr-FR\",\"potentialAction\":[{\"@type\":\"ReadAction\",\"target\":[\"https:\\\/\\\/redleafmedical.com\\\/fr\\\/company-overview\\\/\"]}]},{\"@type\":\"ImageObject\",\"inLanguage\":\"redleaf-fr-FR\",\"@id\":\"https:\\\/\\\/redleafmedical.com\\\/fr\\\/company-overview\\\/#primaryimage\",\"url\":\"https:\\\/\\\/redleafmedical.com\\\/wp-content\\\/uploads\\\/PROFIT500Logo-2017-FR-BLUE.jpg\",\"contentUrl\":\"https:\\\/\\\/redleafmedical.com\\\/wp-content\\\/uploads\\\/PROFIT500Logo-2017-FR-BLUE.jpg\"},{\"@type\":\"BreadcrumbList\",\"@id\":\"https:\\\/\\\/redleafmedical.com\\\/fr\\\/company-overview\\\/#breadcrumb\",\"itemListElement\":[{\"@type\":\"ListItem\",\"position\":1,\"name\":\"Home\",\"item\":\"https:\\\/\\\/redleafmedical.com\\\/fr\\\/\"},{\"@type\":\"ListItem\",\"position\":2,\"name\":\"\u00c0 PROPOS DE NOUS\"}]},{\"@type\":\"WebSite\",\"@id\":\"https:\\\/\\\/redleafmedical.com\\\/#website\",\"url\":\"https:\\\/\\\/redleafmedical.com\\\/\",\"name\":\"Red Leaf Medical\",\"description\":\"Red Leaf Medical is a leading Canadian healthcare company specializing in urology and infectious disease.\",\"publisher\":{\"@id\":\"https:\\\/\\\/redleafmedical.com\\\/#organization\"},\"potentialAction\":[{\"@type\":\"SearchAction\",\"target\":{\"@type\":\"EntryPoint\",\"urlTemplate\":\"https:\\\/\\\/redleafmedical.com\\\/?s={search_term_string}\"},\"query-input\":{\"@type\":\"PropertyValueSpecification\",\"valueRequired\":true,\"valueName\":\"search_term_string\"}}],\"inLanguage\":\"redleaf-fr-FR\"},{\"@type\":\"Organization\",\"@id\":\"https:\\\/\\\/redleafmedical.com\\\/#organization\",\"name\":\"Red Leaf Medical\",\"url\":\"https:\\\/\\\/redleafmedical.com\\\/\",\"logo\":{\"@type\":\"ImageObject\",\"inLanguage\":\"redleaf-fr-FR\",\"@id\":\"https:\\\/\\\/redleafmedical.com\\\/#\\\/schema\\\/logo\\\/image\\\/\",\"url\":\"https:\\\/\\\/redleafmedical.com\\\/wp-content\\\/uploads\\\/2016\\\/09\\\/RedLeafMedical-logo.jpg\",\"contentUrl\":\"https:\\\/\\\/redleafmedical.com\\\/wp-content\\\/uploads\\\/2016\\\/09\\\/RedLeafMedical-logo.jpg\",\"width\":94,\"height\":130,\"caption\":\"Red Leaf Medical\"},\"image\":{\"@id\":\"https:\\\/\\\/redleafmedical.com\\\/#\\\/schema\\\/logo\\\/image\\\/\"}}]}<\/script>\n<!-- \/ Yoast SEO plugin. -->","yoast_head_json":{"title":"\u00c0 PROPOS DE NOUS - Red Leaf Medical","robots":{"index":"index","follow":"follow","max-snippet":"max-snippet:-1","max-image-preview":"max-image-preview:large","max-video-preview":"max-video-preview:-1"},"canonical":"https:\/\/redleafmedical.com\/fr\/company-overview\/","og_locale":"en_US","og_type":"article","og_title":"\u00c0 PROPOS DE NOUS - Red Leaf Medical","og_url":"https:\/\/redleafmedical.com\/fr\/company-overview\/","og_site_name":"Red Leaf Medical","article_modified_time":"2021-09-08T14:50:04+00:00","og_image":[{"url":"https:\/\/redleafmedical.com\/wp-content\/uploads\/PROFIT500Logo-2017-FR-BLUE.jpg","type":"","width":"","height":""}],"twitter_card":"summary_large_image","schema":{"@context":"https:\/\/schema.org","@graph":[{"@type":"WebPage","@id":"https:\/\/redleafmedical.com\/fr\/company-overview\/","url":"https:\/\/redleafmedical.com\/fr\/company-overview\/","name":"\u00c0 PROPOS DE NOUS - Red Leaf Medical","isPartOf":{"@id":"https:\/\/redleafmedical.com\/#website"},"primaryImageOfPage":{"@id":"https:\/\/redleafmedical.com\/fr\/company-overview\/#primaryimage"},"image":{"@id":"https:\/\/redleafmedical.com\/fr\/company-overview\/#primaryimage"},"thumbnailUrl":"https:\/\/redleafmedical.com\/wp-content\/uploads\/PROFIT500Logo-2017-FR-BLUE.jpg","datePublished":"2016-10-13T15:27:50+00:00","dateModified":"2021-09-08T14:50:04+00:00","breadcrumb":{"@id":"https:\/\/redleafmedical.com\/fr\/company-overview\/#breadcrumb"},"inLanguage":"redleaf-fr-FR","potentialAction":[{"@type":"ReadAction","target":["https:\/\/redleafmedical.com\/fr\/company-overview\/"]}]},{"@type":"ImageObject","inLanguage":"redleaf-fr-FR","@id":"https:\/\/redleafmedical.com\/fr\/company-overview\/#primaryimage","url":"https:\/\/redleafmedical.com\/wp-content\/uploads\/PROFIT500Logo-2017-FR-BLUE.jpg","contentUrl":"https:\/\/redleafmedical.com\/wp-content\/uploads\/PROFIT500Logo-2017-FR-BLUE.jpg"},{"@type":"BreadcrumbList","@id":"https:\/\/redleafmedical.com\/fr\/company-overview\/#breadcrumb","itemListElement":[{"@type":"ListItem","position":1,"name":"Home","item":"https:\/\/redleafmedical.com\/fr\/"},{"@type":"ListItem","position":2,"name":"\u00c0 PROPOS DE NOUS"}]},{"@type":"WebSite","@id":"https:\/\/redleafmedical.com\/#website","url":"https:\/\/redleafmedical.com\/","name":"Red Leaf Medical","description":"Red Leaf Medical is a leading Canadian healthcare company specializing in urology and infectious disease.","publisher":{"@id":"https:\/\/redleafmedical.com\/#organization"},"potentialAction":[{"@type":"SearchAction","target":{"@type":"EntryPoint","urlTemplate":"https:\/\/redleafmedical.com\/?s={search_term_string}"},"query-input":{"@type":"PropertyValueSpecification","valueRequired":true,"valueName":"search_term_string"}}],"inLanguage":"redleaf-fr-FR"},{"@type":"Organization","@id":"https:\/\/redleafmedical.com\/#organization","name":"Red Leaf Medical","url":"https:\/\/redleafmedical.com\/","logo":{"@type":"ImageObject","inLanguage":"redleaf-fr-FR","@id":"https:\/\/redleafmedical.com\/#\/schema\/logo\/image\/","url":"https:\/\/redleafmedical.com\/wp-content\/uploads\/2016\/09\/RedLeafMedical-logo.jpg","contentUrl":"https:\/\/redleafmedical.com\/wp-content\/uploads\/2016\/09\/RedLeafMedical-logo.jpg","width":94,"height":130,"caption":"Red Leaf Medical"},"image":{"@id":"https:\/\/redleafmedical.com\/#\/schema\/logo\/image\/"}}]}},"_links":{"self":[{"href":"https:\/\/redleafmedical.com\/fr\/wp-json\/wp\/v2\/pages\/969","targetHints":{"allow":["GET"]}}],"collection":[{"href":"https:\/\/redleafmedical.com\/fr\/wp-json\/wp\/v2\/pages"}],"about":[{"href":"https:\/\/redleafmedical.com\/fr\/wp-json\/wp\/v2\/types\/page"}],"author":[{"embeddable":true,"href":"https:\/\/redleafmedical.com\/fr\/wp-json\/wp\/v2\/users\/1"}],"replies":[{"embeddable":true,"href":"https:\/\/redleafmedical.com\/fr\/wp-json\/wp\/v2\/comments?post=969"}],"version-history":[{"count":0,"href":"https:\/\/redleafmedical.com\/fr\/wp-json\/wp\/v2\/pages\/969\/revisions"}],"wp:attachment":[{"href":"https:\/\/redleafmedical.com\/fr\/wp-json\/wp\/v2\/media?parent=969"}],"curies":[{"name":"wp","href":"https:\/\/api.w.org\/{rel}","templated":true}]}}