{"id":3678,"date":"2021-08-30T16:18:56","date_gmt":"2021-08-30T20:18:56","guid":{"rendered":"https:\/\/redleafmedical.com\/?page_id=3678"},"modified":"2021-09-08T11:58:20","modified_gmt":"2021-09-08T15:58:20","slug":"uromune","status":"publish","type":"page","link":"https:\/\/redleafmedical.com\/fr\/produits\/infectious-disease\/uromune\/","title":{"rendered":"UROMUNE\u2122 (MV 140)"},"content":{"rendered":"<div class=\"fusion-fullwidth fullwidth-box fusion-builder-row-1 fusion-flex-container hundred-percent-fullwidth non-hundred-percent-height-scrolling\" style=\"--awb-border-radius-top-left:0px;--awb-border-radius-top-right:0px;--awb-border-radius-bottom-right:0px;--awb-border-radius-bottom-left:0px;--awb-overflow:visible;--awb-flex-wrap:wrap;\" ><div class=\"fusion-builder-row fusion-row fusion-flex-align-items-flex-start fusion-flex-content-wrap\" style=\"width:104% !important;max-width:104% !important;margin-left: calc(-4% \/ 2 );margin-right: calc(-4% \/ 2 );\"><div class=\"fusion-layout-column fusion_builder_column fusion-builder-column-0 fusion_builder_column_1_5 1_5 fusion-flex-column\" style=\"--awb-bg-size:cover;--awb-width-large:20%;--awb-margin-top-large:0px;--awb-spacing-right-large:3.84%;--awb-margin-bottom-large:20px;--awb-spacing-left-large:9.6%;--awb-width-medium:100%;--awb-order-medium:0;--awb-spacing-right-medium:1.92%;--awb-spacing-left-medium:1.92%;--awb-width-small:100%;--awb-order-small:2;--awb-spacing-right-small:1.92%;--awb-spacing-left-small:1.92%;\"><div class=\"fusion-column-wrapper fusion-column-has-shadow fusion-flex-justify-content-flex-start fusion-content-layout-column\"><div class=\"fusion-title title fusion-title-1 sep-underline sep-solid fusion-title-text fusion-title-size-two\" style=\"--awb-text-color:#b32017;--awb-margin-bottom:10px;--awb-sep-color:#082f45;--awb-font-size:1rem;\"><h2 class=\"fusion-title-heading title-heading-left fusion-responsive-typography-calculated\" style=\"margin:0;font-size:1em;--fontSize:16.5;--minFontSize:16.5;line-height:1.23;\">RED LEAF MEDICAL PRODUCTS<\/h2><\/div>\n<div class=\"fusion-widget fusion-widget-element fusion-widget-area fusion-content-widget-area wpWidget-1 products-nav fusion-widget-align-left fusion_widget_vertical_menu no-divider-color\" style=\"--awb-fusion-border-size:0px;--awb-fusion-border-style:solid;\"><div class=\"widget avada_vertical_menu\"><style>#fusion-vertical-menu-widget-avada-vertical-menu-widget-1-nav ul.menu li a {font-size:14px;}<\/style><nav id=\"fusion-vertical-menu-widget-avada-vertical-menu-widget-1-nav\" class=\"fusion-vertical-menu-widget fusion-menu hover left no-border\" aria-label=\"Secondary navigation\"><ul id=\"menu-products-menu-french-2021\" class=\"menu\"><li id=\"menu-item-3700\" class=\"menu-item menu-item-type-post_type menu-item-object-page menu-item-has-children menu-item-3700\"><a href=\"https:\/\/redleafmedical.com\/fr\/produits\/pelvic-floor-health\/\"><span class=\"link-text\"> Sant\u00e9 du plancher pelvien<\/span><span class=\"arrow\"><\/span><\/a><ul class=\"sub-menu\"><li id=\"menu-item-3701\" class=\"menu-item menu-item-type-post_type menu-item-object-page menu-item-3701\"><a href=\"https:\/\/redleafmedical.com\/fr\/produits\/pelvic-floor-health\/m-atoms-system\/\"><span class=\"link-text\"> Syst\u00e8me A.M.I. ATOMS<\/span><span class=\"arrow\"><\/span><\/a><\/li><li id=\"menu-item-3702\" class=\"menu-item menu-item-type-post_type menu-item-object-page menu-item-3702\"><a href=\"https:\/\/redleafmedical.com\/fr\/produits\/pelvic-floor-health\/cathetersplus\/\"><span class=\"link-text\"> CathetersPlus<sup>MC<\/sup><\/span><span class=\"arrow\"><\/span><\/a><\/li><li id=\"menu-item-3703\" class=\"menu-item menu-item-type-post_type menu-item-object-page menu-item-3703\"><a href=\"https:\/\/redleafmedical.com\/fr\/produits\/pelvic-floor-health\/deflux\/\"><span class=\"link-text\"> Deflux<sup>MC<\/sup><\/span><span class=\"arrow\"><\/span><\/a><\/li><li id=\"menu-item-3704\" class=\"menu-item menu-item-type-post_type menu-item-object-page menu-item-3704\"><a href=\"https:\/\/redleafmedical.com\/fr\/produits\/pelvic-floor-health\/instylan\/\"><span class=\"link-text\"> INSTYLAN<\/span><span class=\"arrow\"><\/span><\/a><\/li><li id=\"menu-item-3705\" class=\"menu-item menu-item-type-post_type menu-item-object-page menu-item-3705\"><a href=\"https:\/\/redleafmedical.com\/fr\/produits\/pelvic-floor-health\/lofric\/\"><span class=\"link-text\"> LoFric<sup>MD<\/sup><\/span><span class=\"arrow\"><\/span><\/a><\/li><\/ul><\/li><li id=\"menu-item-3709\" class=\"menu-item menu-item-type-post_type menu-item-object-page menu-item-has-children menu-item-3709\"><a href=\"https:\/\/redleafmedical.com\/fr\/produits\/fertility-2\/\"><span class=\"link-text\"> Fertilit\u00e9<\/span><span class=\"arrow\"><\/span><\/a><ul class=\"sub-menu\"><li id=\"menu-item-4346\" class=\"menu-item menu-item-type-post_type menu-item-object-page menu-item-4346\"><a href=\"https:\/\/redleafmedical.com\/fr\/produits\/fertility-2\/conceptionplus\/\"><span class=\"link-text\"> ConceptionPLUS\u2122<\/span><span class=\"arrow\"><\/span><\/a><\/li><\/ul><\/li><li id=\"menu-item-3710\" class=\"menu-item menu-item-type-post_type menu-item-object-page menu-item-has-children menu-item-3710\"><a href=\"https:\/\/redleafmedical.com\/fr\/produits\/infectious-disease\/\"><span class=\"link-text\"> MALADIE INFECTIEUSE<\/span><span class=\"arrow\"><\/span><\/a><ul class=\"sub-menu\"><li id=\"menu-item-3711\" class=\"menu-item menu-item-type-post_type menu-item-object-page menu-item-3711\"><a href=\"https:\/\/redleafmedical.com\/fr\/produits\/infectious-disease\/uromune\/\"><span class=\"link-text\"> UROMUNE\u2122 (MV 140)<\/span><span class=\"arrow\"><\/span><\/a><\/li><li id=\"menu-item-3712\" class=\"menu-item menu-item-type-post_type menu-item-object-page menu-item-3712\"><a href=\"https:\/\/redleafmedical.com\/fr\/produits\/infectious-disease\/bactek\/\"><span class=\"link-text\"> BACTEK<sup>MC<\/sup><\/span><span class=\"arrow\"><\/span><\/a><\/li><\/ul><\/li><li id=\"menu-item-3713\" class=\"menu-item menu-item-type-post_type menu-item-object-page menu-item-has-children menu-item-3713\"><a href=\"https:\/\/redleafmedical.com\/fr\/produits\/paediatric-urology\/\"><span class=\"link-text\"> Urologie p\u00e9diatrique<\/span><span class=\"arrow\"><\/span><\/a><ul class=\"sub-menu\"><li id=\"menu-item-3714\" class=\"menu-item menu-item-type-post_type menu-item-object-page menu-item-3714\"><a href=\"https:\/\/redleafmedical.com\/fr\/produits\/paediatric-urology\/deflux-vur\/\"><span class=\"link-text\"> Deflux VUR<\/span><span class=\"arrow\"><\/span><\/a><\/li><\/ul><\/li><\/ul><\/nav><\/div><\/div><\/div><\/div>\n<div class=\"fusion-layout-column fusion_builder_column fusion-builder-column-1 fusion_builder_column_4_5 4_5 fusion-flex-column fusion-animated\" style=\"--awb-bg-size:cover;--awb-width-large:80%;--awb-margin-top-large:0px;--awb-spacing-right-large:2.4%;--awb-margin-bottom-large:20px;--awb-spacing-left-large:2.4%;--awb-width-medium:100%;--awb-order-medium:0;--awb-spacing-right-medium:1.92%;--awb-spacing-left-medium:1.92%;--awb-width-small:100%;--awb-order-small:0;--awb-spacing-right-small:1.92%;--awb-spacing-left-small:1.92%;\" data-animationType=\"fadeInDown\" data-animationDuration=\"0.9\" data-animationOffset=\"top-into-view\"><div class=\"fusion-column-wrapper fusion-column-has-shadow fusion-flex-justify-content-flex-start fusion-content-layout-column\"><div class=\"fusion-title title fusion-title-2 fusion-sep-none fusion-title-text fusion-title-size-one\" style=\"--awb-margin-bottom:15px;\"><h1 class=\"fusion-title-heading title-heading-left fusion-responsive-typography-calculated\" style=\"margin:0;--fontSize:30;line-height:1.1;\">UROMUNE\u2122 (MV 140)<\/h1><\/div><div class=\"fusion-text fusion-text-1\" style=\"--awb-margin-top:10px;\"><p>UROMUNE<sup>MC<\/sup> est un nouveau vaccin pour la pr\u00e9vention des infections r\u00e9currentes non compliqu\u00e9es des voies urinaires chez les femmes.<\/p>\n<p>Les infections des voies urinaires sont dans les infections les plus courantes au Canada<a href=\"#_edn1\" name=\"_ednref1\"><sup>[i]<\/sup><\/a>. Plus de 50\u00a0% des femmes souffrent d\u2019une infection des voies urinaires au cours de leur vie<a href=\"#_edn2\" name=\"_ednref2\"><sup>[ii]<\/sup><\/a>, et 20\u00a0% \u00e0 40\u00a0% d\u2019entre elles d\u00e9veloppent des infections r\u00e9currentes des voies urinaires n\u00e9cessitant plusieurs doses d\u2019antibiotiques \u00e0 court et \u00e0 long terme<a href=\"#_edn3\" name=\"_ednref3\"><sup>[iii]<\/sup><\/a>. Les infections r\u00e9currentes des voies urinaires (et respiratoires) sont d\u00e9finies comme 3\u00a0infections des voies urinaires ou plus au cours d\u2019une p\u00e9riode de 12\u00a0mois.<\/p>\n<p>UROMUNE<sup>MC<\/sup> est pr\u00e9sentement offert dans le cadre de divers programmes sp\u00e9ciaux d\u2019acc\u00e8s aux m\u00e9dicaments un peu partout au monde, y compris au Royaume-Uni, aux Pays-Bas, en Su\u00e8de, en Norv\u00e8ge, en Espagne, en Australie et en Nouvelle-Z\u00e9lande. Plus de 40\u2009000\u00a0patientes ont utilis\u00e9 UROMUNE<sup>MC<\/sup> \u00e0 ce jour et un essai clinique europ\u00e9en de contr\u00f4le randomis\u00e9 de phase\u00a0III a \u00e9t\u00e9 finalis\u00e9.<\/p>\n<p>UROMUNE<sup>MC <\/sup>a \u00e9t\u00e9 cr\u00e9\u00e9 par Inmunotek, une soci\u00e9t\u00e9 pharmaceutique innovatrice dont le si\u00e8ge social est en Espagne. Le produit est exclusivement sous licence au Canada par Red Leaf Medical. La soci\u00e9t\u00e9 a l\u2019intention de d\u00e9poser une pr\u00e9sentation de nouveau m\u00e9dicament pour UROMUNE<sup>MC<\/sup> aupr\u00e8s de Sant\u00e9 Canada au quatri\u00e8me trimestre de 2021.<\/p>\n<\/div><\/div><\/div><\/div><\/div>\n","protected":false},"excerpt":{"rendered":"","protected":false},"author":1,"featured_media":0,"parent":3672,"menu_order":0,"comment_status":"closed","ping_status":"closed","template":"100-width.php","meta":{"footnotes":""},"class_list":["post-3678","page","type-page","status-publish","hentry"],"yoast_head":"<!-- This site is optimized with the Yoast SEO plugin v27.3 - https:\/\/yoast.com\/product\/yoast-seo-wordpress\/ -->\n<title>UROMUNE\u2122 (MV 140) - Red Leaf Medical<\/title>\n<meta name=\"robots\" content=\"index, follow, max-snippet:-1, max-image-preview:large, max-video-preview:-1\" \/>\n<link rel=\"canonical\" href=\"https:\/\/redleafmedical.com\/fr\/produits\/infectious-disease\/uromune\/\" \/>\n<meta property=\"og:locale\" content=\"en_US\" \/>\n<meta property=\"og:type\" content=\"article\" \/>\n<meta property=\"og:title\" content=\"UROMUNE\u2122 (MV 140) - Red Leaf Medical\" \/>\n<meta property=\"og:url\" content=\"https:\/\/redleafmedical.com\/fr\/produits\/infectious-disease\/uromune\/\" \/>\n<meta property=\"og:site_name\" content=\"Red Leaf Medical\" \/>\n<meta property=\"article:modified_time\" content=\"2021-09-08T15:58:20+00:00\" \/>\n<meta name=\"twitter:card\" content=\"summary_large_image\" \/>\n<script type=\"application\/ld+json\" class=\"yoast-schema-graph\">{\"@context\":\"https:\\\/\\\/schema.org\",\"@graph\":[{\"@type\":\"WebPage\",\"@id\":\"https:\\\/\\\/redleafmedical.com\\\/fr\\\/produits\\\/infectious-disease\\\/uromune\\\/\",\"url\":\"https:\\\/\\\/redleafmedical.com\\\/fr\\\/produits\\\/infectious-disease\\\/uromune\\\/\",\"name\":\"UROMUNE\u2122 (MV 140) - Red Leaf Medical\",\"isPartOf\":{\"@id\":\"https:\\\/\\\/redleafmedical.com\\\/#website\"},\"datePublished\":\"2021-08-30T20:18:56+00:00\",\"dateModified\":\"2021-09-08T15:58:20+00:00\",\"breadcrumb\":{\"@id\":\"https:\\\/\\\/redleafmedical.com\\\/fr\\\/produits\\\/infectious-disease\\\/uromune\\\/#breadcrumb\"},\"inLanguage\":\"redleaf-fr-FR\",\"potentialAction\":[{\"@type\":\"ReadAction\",\"target\":[\"https:\\\/\\\/redleafmedical.com\\\/fr\\\/produits\\\/infectious-disease\\\/uromune\\\/\"]}]},{\"@type\":\"BreadcrumbList\",\"@id\":\"https:\\\/\\\/redleafmedical.com\\\/fr\\\/produits\\\/infectious-disease\\\/uromune\\\/#breadcrumb\",\"itemListElement\":[{\"@type\":\"ListItem\",\"position\":1,\"name\":\"Home\",\"item\":\"https:\\\/\\\/redleafmedical.com\\\/fr\\\/\"},{\"@type\":\"ListItem\",\"position\":2,\"name\":\"Produits\",\"item\":\"https:\\\/\\\/redleafmedical.com\\\/fr\\\/produits\\\/\"},{\"@type\":\"ListItem\",\"position\":3,\"name\":\"MALADIE INFECTIEUSE\",\"item\":\"https:\\\/\\\/redleafmedical.com\\\/fr\\\/produits\\\/infectious-disease\\\/\"},{\"@type\":\"ListItem\",\"position\":4,\"name\":\"UROMUNE\u2122 (MV 140)\"}]},{\"@type\":\"WebSite\",\"@id\":\"https:\\\/\\\/redleafmedical.com\\\/#website\",\"url\":\"https:\\\/\\\/redleafmedical.com\\\/\",\"name\":\"Red Leaf Medical\",\"description\":\"Red Leaf Medical is a leading Canadian healthcare company specializing in urology and infectious disease.\",\"publisher\":{\"@id\":\"https:\\\/\\\/redleafmedical.com\\\/#organization\"},\"potentialAction\":[{\"@type\":\"SearchAction\",\"target\":{\"@type\":\"EntryPoint\",\"urlTemplate\":\"https:\\\/\\\/redleafmedical.com\\\/?s={search_term_string}\"},\"query-input\":{\"@type\":\"PropertyValueSpecification\",\"valueRequired\":true,\"valueName\":\"search_term_string\"}}],\"inLanguage\":\"redleaf-fr-FR\"},{\"@type\":\"Organization\",\"@id\":\"https:\\\/\\\/redleafmedical.com\\\/#organization\",\"name\":\"Red Leaf Medical\",\"url\":\"https:\\\/\\\/redleafmedical.com\\\/\",\"logo\":{\"@type\":\"ImageObject\",\"inLanguage\":\"redleaf-fr-FR\",\"@id\":\"https:\\\/\\\/redleafmedical.com\\\/#\\\/schema\\\/logo\\\/image\\\/\",\"url\":\"https:\\\/\\\/redleafmedical.com\\\/wp-content\\\/uploads\\\/2016\\\/09\\\/RedLeafMedical-logo.jpg\",\"contentUrl\":\"https:\\\/\\\/redleafmedical.com\\\/wp-content\\\/uploads\\\/2016\\\/09\\\/RedLeafMedical-logo.jpg\",\"width\":94,\"height\":130,\"caption\":\"Red Leaf Medical\"},\"image\":{\"@id\":\"https:\\\/\\\/redleafmedical.com\\\/#\\\/schema\\\/logo\\\/image\\\/\"}}]}<\/script>\n<!-- \/ Yoast SEO plugin. -->","yoast_head_json":{"title":"UROMUNE\u2122 (MV 140) - Red Leaf Medical","robots":{"index":"index","follow":"follow","max-snippet":"max-snippet:-1","max-image-preview":"max-image-preview:large","max-video-preview":"max-video-preview:-1"},"canonical":"https:\/\/redleafmedical.com\/fr\/produits\/infectious-disease\/uromune\/","og_locale":"en_US","og_type":"article","og_title":"UROMUNE\u2122 (MV 140) - Red Leaf Medical","og_url":"https:\/\/redleafmedical.com\/fr\/produits\/infectious-disease\/uromune\/","og_site_name":"Red Leaf Medical","article_modified_time":"2021-09-08T15:58:20+00:00","twitter_card":"summary_large_image","schema":{"@context":"https:\/\/schema.org","@graph":[{"@type":"WebPage","@id":"https:\/\/redleafmedical.com\/fr\/produits\/infectious-disease\/uromune\/","url":"https:\/\/redleafmedical.com\/fr\/produits\/infectious-disease\/uromune\/","name":"UROMUNE\u2122 (MV 140) - Red Leaf Medical","isPartOf":{"@id":"https:\/\/redleafmedical.com\/#website"},"datePublished":"2021-08-30T20:18:56+00:00","dateModified":"2021-09-08T15:58:20+00:00","breadcrumb":{"@id":"https:\/\/redleafmedical.com\/fr\/produits\/infectious-disease\/uromune\/#breadcrumb"},"inLanguage":"redleaf-fr-FR","potentialAction":[{"@type":"ReadAction","target":["https:\/\/redleafmedical.com\/fr\/produits\/infectious-disease\/uromune\/"]}]},{"@type":"BreadcrumbList","@id":"https:\/\/redleafmedical.com\/fr\/produits\/infectious-disease\/uromune\/#breadcrumb","itemListElement":[{"@type":"ListItem","position":1,"name":"Home","item":"https:\/\/redleafmedical.com\/fr\/"},{"@type":"ListItem","position":2,"name":"Produits","item":"https:\/\/redleafmedical.com\/fr\/produits\/"},{"@type":"ListItem","position":3,"name":"MALADIE INFECTIEUSE","item":"https:\/\/redleafmedical.com\/fr\/produits\/infectious-disease\/"},{"@type":"ListItem","position":4,"name":"UROMUNE\u2122 (MV 140)"}]},{"@type":"WebSite","@id":"https:\/\/redleafmedical.com\/#website","url":"https:\/\/redleafmedical.com\/","name":"Red Leaf Medical","description":"Red Leaf Medical is a leading Canadian healthcare company specializing in urology and infectious disease.","publisher":{"@id":"https:\/\/redleafmedical.com\/#organization"},"potentialAction":[{"@type":"SearchAction","target":{"@type":"EntryPoint","urlTemplate":"https:\/\/redleafmedical.com\/?s={search_term_string}"},"query-input":{"@type":"PropertyValueSpecification","valueRequired":true,"valueName":"search_term_string"}}],"inLanguage":"redleaf-fr-FR"},{"@type":"Organization","@id":"https:\/\/redleafmedical.com\/#organization","name":"Red Leaf Medical","url":"https:\/\/redleafmedical.com\/","logo":{"@type":"ImageObject","inLanguage":"redleaf-fr-FR","@id":"https:\/\/redleafmedical.com\/#\/schema\/logo\/image\/","url":"https:\/\/redleafmedical.com\/wp-content\/uploads\/2016\/09\/RedLeafMedical-logo.jpg","contentUrl":"https:\/\/redleafmedical.com\/wp-content\/uploads\/2016\/09\/RedLeafMedical-logo.jpg","width":94,"height":130,"caption":"Red Leaf Medical"},"image":{"@id":"https:\/\/redleafmedical.com\/#\/schema\/logo\/image\/"}}]}},"_links":{"self":[{"href":"https:\/\/redleafmedical.com\/fr\/wp-json\/wp\/v2\/pages\/3678","targetHints":{"allow":["GET"]}}],"collection":[{"href":"https:\/\/redleafmedical.com\/fr\/wp-json\/wp\/v2\/pages"}],"about":[{"href":"https:\/\/redleafmedical.com\/fr\/wp-json\/wp\/v2\/types\/page"}],"author":[{"embeddable":true,"href":"https:\/\/redleafmedical.com\/fr\/wp-json\/wp\/v2\/users\/1"}],"replies":[{"embeddable":true,"href":"https:\/\/redleafmedical.com\/fr\/wp-json\/wp\/v2\/comments?post=3678"}],"version-history":[{"count":0,"href":"https:\/\/redleafmedical.com\/fr\/wp-json\/wp\/v2\/pages\/3678\/revisions"}],"up":[{"embeddable":true,"href":"https:\/\/redleafmedical.com\/fr\/wp-json\/wp\/v2\/pages\/3672"}],"wp:attachment":[{"href":"https:\/\/redleafmedical.com\/fr\/wp-json\/wp\/v2\/media?parent=3678"}],"curies":[{"name":"wp","href":"https:\/\/api.w.org\/{rel}","templated":true}]}}