{"id":1091,"date":"2016-10-14T15:24:55","date_gmt":"2016-10-14T19:24:55","guid":{"rendered":"https:\/\/redleafmedical.com\/fr\/?page_id=1091"},"modified":"2021-09-08T10:54:36","modified_gmt":"2021-09-08T14:54:36","slug":"deflux","status":"publish","type":"page","link":"https:\/\/redleafmedical.com\/fr\/produits\/pelvic-floor-health\/deflux\/","title":{"rendered":"Deflux<sup>MC<\/sup>"},"content":{"rendered":"<div class=\"fusion-fullwidth fullwidth-box fusion-builder-row-1 fusion-flex-container hundred-percent-fullwidth non-hundred-percent-height-scrolling\" style=\"--awb-border-radius-top-left:0px;--awb-border-radius-top-right:0px;--awb-border-radius-bottom-right:0px;--awb-border-radius-bottom-left:0px;--awb-overflow:visible;--awb-flex-wrap:wrap;\" ><div class=\"fusion-builder-row fusion-row fusion-flex-align-items-flex-start fusion-flex-content-wrap\" style=\"width:104% !important;max-width:104% !important;margin-left: calc(-4% \/ 2 );margin-right: calc(-4% \/ 2 );\"><div class=\"fusion-layout-column fusion_builder_column fusion-builder-column-0 fusion_builder_column_1_5 1_5 fusion-flex-column\" style=\"--awb-bg-size:cover;--awb-width-large:20%;--awb-margin-top-large:0px;--awb-spacing-right-large:9.6%;--awb-margin-bottom-large:20px;--awb-spacing-left-large:9.6%;--awb-width-medium:100%;--awb-order-medium:0;--awb-spacing-right-medium:1.92%;--awb-spacing-left-medium:1.92%;--awb-width-small:100%;--awb-order-small:2;--awb-spacing-right-small:1.92%;--awb-spacing-left-small:1.92%;\"><div class=\"fusion-column-wrapper fusion-column-has-shadow fusion-flex-justify-content-flex-start fusion-content-layout-column\"><div class=\"fusion-title title fusion-title-1 sep-underline sep-solid fusion-title-text fusion-title-size-two\" style=\"--awb-text-color:#b32017;--awb-margin-bottom:10px;--awb-sep-color:#082f45;--awb-font-size:1rem;\"><h2 class=\"fusion-title-heading title-heading-left fusion-responsive-typography-calculated\" style=\"margin:0;font-size:1em;--fontSize:16.5;--minFontSize:16.5;line-height:1.23;\">RED LEAF MEDICAL PRODUCTS<\/h2><\/div>\n<div class=\"fusion-widget fusion-widget-element fusion-widget-area fusion-content-widget-area wpWidget-1 products-nav fusion-widget-align-left fusion_widget_vertical_menu no-divider-color\" style=\"--awb-fusion-border-size:0px;--awb-fusion-border-style:solid;\"><div class=\"widget avada_vertical_menu\"><style>#fusion-vertical-menu-widget-avada-vertical-menu-widget-1-nav ul.menu li a {font-size:14px;}<\/style><nav id=\"fusion-vertical-menu-widget-avada-vertical-menu-widget-1-nav\" class=\"fusion-vertical-menu-widget fusion-menu hover left no-border\" aria-label=\"Secondary Navigation: \"><ul id=\"menu-products-menu-french-2021\" class=\"menu\"><li id=\"menu-item-3700\" class=\"menu-item menu-item-type-post_type menu-item-object-page menu-item-has-children menu-item-3700\"><a href=\"https:\/\/redleafmedical.com\/fr\/produits\/pelvic-floor-health\/\"><span class=\"link-text\"> Sant\u00e9 du plancher pelvien<\/span><span class=\"arrow\"><\/span><\/a><ul class=\"sub-menu\"><li id=\"menu-item-3701\" class=\"menu-item menu-item-type-post_type menu-item-object-page menu-item-3701\"><a href=\"https:\/\/redleafmedical.com\/fr\/produits\/pelvic-floor-health\/m-atoms-system\/\"><span class=\"link-text\"> Syst\u00e8me A.M.I. ATOMS<\/span><span class=\"arrow\"><\/span><\/a><\/li><li id=\"menu-item-3702\" class=\"menu-item menu-item-type-post_type menu-item-object-page menu-item-3702\"><a href=\"https:\/\/redleafmedical.com\/fr\/produits\/pelvic-floor-health\/cathetersplus\/\"><span class=\"link-text\"> CathetersPlus<sup>MC<\/sup><\/span><span class=\"arrow\"><\/span><\/a><\/li><li id=\"menu-item-3703\" class=\"menu-item menu-item-type-post_type menu-item-object-page menu-item-3703\"><a href=\"https:\/\/redleafmedical.com\/fr\/produits\/pelvic-floor-health\/deflux\/\"><span class=\"link-text\"> Deflux<sup>MC<\/sup><\/span><span class=\"arrow\"><\/span><\/a><\/li><li id=\"menu-item-3704\" class=\"menu-item menu-item-type-post_type menu-item-object-page menu-item-3704\"><a href=\"https:\/\/redleafmedical.com\/fr\/produits\/pelvic-floor-health\/instylan\/\"><span class=\"link-text\"> INSTYLAN<\/span><span class=\"arrow\"><\/span><\/a><\/li><li id=\"menu-item-3705\" class=\"menu-item menu-item-type-post_type menu-item-object-page menu-item-3705\"><a href=\"https:\/\/redleafmedical.com\/fr\/produits\/pelvic-floor-health\/lofric\/\"><span class=\"link-text\"> LoFric<sup>MD<\/sup><\/span><span class=\"arrow\"><\/span><\/a><\/li><\/ul><\/li><li id=\"menu-item-3709\" class=\"menu-item menu-item-type-post_type menu-item-object-page menu-item-has-children menu-item-3709\"><a href=\"https:\/\/redleafmedical.com\/fr\/produits\/fertility-2\/\"><span class=\"link-text\"> Fertilit\u00e9<\/span><span class=\"arrow\"><\/span><\/a><ul class=\"sub-menu\"><li id=\"menu-item-4346\" class=\"menu-item menu-item-type-post_type menu-item-object-page menu-item-4346\"><a href=\"https:\/\/redleafmedical.com\/fr\/produits\/fertility-2\/conceptionplus\/\"><span class=\"link-text\"> ConceptionPLUS\u2122<\/span><span class=\"arrow\"><\/span><\/a><\/li><\/ul><\/li><li id=\"menu-item-3710\" class=\"menu-item menu-item-type-post_type menu-item-object-page menu-item-has-children menu-item-3710\"><a href=\"https:\/\/redleafmedical.com\/fr\/produits\/infectious-disease\/\"><span class=\"link-text\"> MALADIE INFECTIEUSE<\/span><span class=\"arrow\"><\/span><\/a><ul class=\"sub-menu\"><li id=\"menu-item-3711\" class=\"menu-item menu-item-type-post_type menu-item-object-page menu-item-3711\"><a href=\"https:\/\/redleafmedical.com\/fr\/produits\/infectious-disease\/uromune\/\"><span class=\"link-text\"> UROMUNE\u2122 (MV 140)<\/span><span class=\"arrow\"><\/span><\/a><\/li><li id=\"menu-item-3712\" class=\"menu-item menu-item-type-post_type menu-item-object-page menu-item-3712\"><a href=\"https:\/\/redleafmedical.com\/fr\/produits\/infectious-disease\/bactek\/\"><span class=\"link-text\"> BACTEK<sup>MC<\/sup><\/span><span class=\"arrow\"><\/span><\/a><\/li><\/ul><\/li><li id=\"menu-item-3713\" class=\"menu-item menu-item-type-post_type menu-item-object-page menu-item-has-children menu-item-3713\"><a href=\"https:\/\/redleafmedical.com\/fr\/produits\/paediatric-urology\/\"><span class=\"link-text\"> Urologie p\u00e9diatrique<\/span><span class=\"arrow\"><\/span><\/a><ul class=\"sub-menu\"><li id=\"menu-item-3714\" class=\"menu-item menu-item-type-post_type menu-item-object-page menu-item-3714\"><a href=\"https:\/\/redleafmedical.com\/fr\/produits\/paediatric-urology\/deflux-vur\/\"><span class=\"link-text\"> Deflux VUR<\/span><span class=\"arrow\"><\/span><\/a><\/li><\/ul><\/li><\/ul><\/nav><\/div><\/div><\/div><\/div>\n<div class=\"fusion-layout-column fusion_builder_column fusion-builder-column-1 fusion_builder_column_4_5 4_5 fusion-flex-column fusion-animated\" style=\"--awb-bg-size:cover;--awb-width-large:80%;--awb-margin-top-large:0px;--awb-spacing-right-large:2.4%;--awb-margin-bottom-large:20px;--awb-spacing-left-large:2.4%;--awb-width-medium:100%;--awb-spacing-right-medium:1.92%;--awb-spacing-left-medium:1.92%;--awb-width-small:100%;--awb-spacing-right-small:1.92%;--awb-spacing-left-small:1.92%;\" data-animationType=\"fadeInDown\" data-animationDuration=\"0.9\" data-animationOffset=\"top-into-view\"><div class=\"fusion-column-wrapper fusion-flex-justify-content-flex-start fusion-content-layout-column\"><div class=\"fusion-image-element \" style=\"--awb-caption-title-font-family:var(--h2_typography-font-family);--awb-caption-title-font-weight:var(--h2_typography-font-weight);--awb-caption-title-font-style:var(--h2_typography-font-style);--awb-caption-title-size:var(--h2_typography-font-size);--awb-caption-title-transform:var(--h2_typography-text-transform);--awb-caption-title-line-height:var(--h2_typography-line-height);--awb-caption-title-letter-spacing:var(--h2_typography-letter-spacing);\"><span class=\" fusion-imageframe imageframe-none imageframe-1 hover-type-none\"><img decoding=\"async\" width=\"200\" height=\"64\" title=\"Deflux\u00ae\" src=\"data:image\/svg+xml,%3Csvg%20xmlns%3D%27http%3A%2F%2Fwww.w3.org%2F2000%2Fsvg%27%20width%3D%27200%27%20height%3D%2764%27%20viewBox%3D%270%200%20200%2064%27%3E%3Crect%20width%3D%27200%27%20height%3D%2764%27%20fill-opacity%3D%220%22%2F%3E%3C%2Fsvg%3E\" data-orig-src=\"https:\/\/redleafmedical.com\/wp-content\/uploads\/2016\/08\/Deflux.jpg\" alt class=\"lazyload img-responsive wp-image-573\"\/><\/span><\/div><div class=\"fusion-separator fusion-full-width-sep\" style=\"align-self: center;margin-left: auto;margin-right: auto;margin-top:20px;margin-bottom:20px;width:100%;\"><\/div><div class=\"fusion-text fusion-text-1\"><p>DEFLUX est un agent de charge indiqu\u00e9 pour le traitement des enfants souffrant de reflux v\u00e9sico-ur\u00e9t\u00e9ral (RVU) de grade II \u00e0 IV. DEFLUX est un gel st\u00e9rile tr\u00e8s visqueux de miscrosph\u00e8res de dextranom\u00e8re (50 mg\/ml) dans un gel de support d\u2019acide hyaluronique non animal stabilis\u00e9 (15 mg\/ml), constituant un implant biocompatible et biod\u00e9gradable. La taille des microsph\u00e8res de dextranom\u00e8re varie entre 80 et 250 microns, avec une taille moyenne d\u2019environ 130 microns. L\u2019acide hyaluronique stabilis\u00e9agit principalement comme soutien, laissant les microsph\u00e8res de dextranom\u00e8re sur le site de l\u2019implant.<\/p>\n<p>Deflux est contenu dans une seringue jetable \u00e0 usage unique. La seringue est munie d\u2019un embout avec capuchon, d\u2019un piston et d\u2019une tige pour le piston. La seringue est st\u00e9rilis\u00e9e au stade terminal. Deflux est inject\u00e9 sous la muqueuse dans la vessie \u00e0 proximit\u00e9 imm\u00e9diate de l\u2019orifice ur\u00e9t\u00e9ral. L\u2019injection de Deflux cr\u00e9e une augmentation du volume tissulaire procurant ainsi une coaptation de l\u2019uret\u00e8re distal durant le remplissage et la contraction de la vessie. Les microsph\u00e8res de dextranom\u00e8re sont graduellement entour\u00e9es par le tissu h\u00f4te conjonctif.<\/p>\n<p>Deflux ne doit \u00eatre administr\u00e9 que par des chirurgiens qualifi\u00e9s exp\u00e9riment\u00e9s dans l\u2019utilisation d\u2019un cystoscope et form\u00e9 quant \u00e0 la technique des injections sous-ur\u00e9t\u00e9rales et\/ou intra-ur\u00e9t\u00e9rales (avec Deflux ou d\u2019autres mati\u00e8res).<\/p>\n<p>Nous vous recommandons d\u2019utiliser l\u2019aiguille m\u00e9tallique Deflux (3,7F x embout de 23G x 350 mm) pour une administration s\u00fbre et exacte de Deflux.<\/p>\n<p>Au Canada, Deflux est aussi indiqu\u00e9 pour utilisation chez les adultes pour le traitement de l\u2019incontinence urinaire d\u2019effort (IUE).<\/p>\n<p>Pour plus d\u2019information sur Deflux <a class=\"link-red\" href=\"https:\/\/www.salix.com\/products\/deflux\" target=\"_blank\" rel=\"noopener\">cliquez ici.<\/a>.<\/p>\n<\/div><\/div><\/div><\/div><\/div>\n","protected":false},"excerpt":{"rendered":"","protected":false},"author":1,"featured_media":0,"parent":3667,"menu_order":0,"comment_status":"closed","ping_status":"closed","template":"100-width.php","meta":{"footnotes":""},"class_list":["post-1091","page","type-page","status-publish","hentry"],"yoast_head":"<!-- This site is optimized with the Yoast SEO plugin v27.4 - https:\/\/yoast.com\/product\/yoast-seo-wordpress\/ -->\n<title>DefluxMC - Red Leaf Medical<\/title>\n<meta name=\"robots\" content=\"index, follow, max-snippet:-1, max-image-preview:large, max-video-preview:-1\" \/>\n<link rel=\"canonical\" href=\"https:\/\/redleafmedical.com\/fr\/produits\/pelvic-floor-health\/deflux\/\" \/>\n<meta property=\"og:locale\" content=\"en_US\" \/>\n<meta property=\"og:type\" content=\"article\" \/>\n<meta property=\"og:title\" content=\"DefluxMC - Red Leaf Medical\" \/>\n<meta property=\"og:url\" content=\"https:\/\/redleafmedical.com\/fr\/produits\/pelvic-floor-health\/deflux\/\" \/>\n<meta property=\"og:site_name\" content=\"Red Leaf Medical\" \/>\n<meta property=\"article:modified_time\" content=\"2021-09-08T14:54:36+00:00\" \/>\n<meta property=\"og:image\" content=\"https:\/\/redleafmedical.com\/wp-content\/uploads\/2016\/08\/Deflux.jpg\" \/>\n<meta name=\"twitter:card\" content=\"summary_large_image\" \/>\n<script type=\"application\/ld+json\" class=\"yoast-schema-graph\">{\"@context\":\"https:\\\/\\\/schema.org\",\"@graph\":[{\"@type\":\"WebPage\",\"@id\":\"https:\\\/\\\/redleafmedical.com\\\/fr\\\/produits\\\/pelvic-floor-health\\\/deflux\\\/\",\"url\":\"https:\\\/\\\/redleafmedical.com\\\/fr\\\/produits\\\/pelvic-floor-health\\\/deflux\\\/\",\"name\":\"DefluxMC - Red Leaf Medical\",\"isPartOf\":{\"@id\":\"https:\\\/\\\/redleafmedical.com\\\/#website\"},\"primaryImageOfPage\":{\"@id\":\"https:\\\/\\\/redleafmedical.com\\\/fr\\\/produits\\\/pelvic-floor-health\\\/deflux\\\/#primaryimage\"},\"image\":{\"@id\":\"https:\\\/\\\/redleafmedical.com\\\/fr\\\/produits\\\/pelvic-floor-health\\\/deflux\\\/#primaryimage\"},\"thumbnailUrl\":\"https:\\\/\\\/redleafmedical.com\\\/wp-content\\\/uploads\\\/2016\\\/08\\\/Deflux.jpg\",\"datePublished\":\"2016-10-14T19:24:55+00:00\",\"dateModified\":\"2021-09-08T14:54:36+00:00\",\"breadcrumb\":{\"@id\":\"https:\\\/\\\/redleafmedical.com\\\/fr\\\/produits\\\/pelvic-floor-health\\\/deflux\\\/#breadcrumb\"},\"inLanguage\":\"redleaf-fr-FR\",\"potentialAction\":[{\"@type\":\"ReadAction\",\"target\":[\"https:\\\/\\\/redleafmedical.com\\\/fr\\\/produits\\\/pelvic-floor-health\\\/deflux\\\/\"]}]},{\"@type\":\"ImageObject\",\"inLanguage\":\"redleaf-fr-FR\",\"@id\":\"https:\\\/\\\/redleafmedical.com\\\/fr\\\/produits\\\/pelvic-floor-health\\\/deflux\\\/#primaryimage\",\"url\":\"https:\\\/\\\/redleafmedical.com\\\/wp-content\\\/uploads\\\/2016\\\/08\\\/Deflux.jpg\",\"contentUrl\":\"https:\\\/\\\/redleafmedical.com\\\/wp-content\\\/uploads\\\/2016\\\/08\\\/Deflux.jpg\"},{\"@type\":\"BreadcrumbList\",\"@id\":\"https:\\\/\\\/redleafmedical.com\\\/fr\\\/produits\\\/pelvic-floor-health\\\/deflux\\\/#breadcrumb\",\"itemListElement\":[{\"@type\":\"ListItem\",\"position\":1,\"name\":\"Home\",\"item\":\"https:\\\/\\\/redleafmedical.com\\\/fr\\\/\"},{\"@type\":\"ListItem\",\"position\":2,\"name\":\"Produits\",\"item\":\"https:\\\/\\\/redleafmedical.com\\\/fr\\\/produits\\\/\"},{\"@type\":\"ListItem\",\"position\":3,\"name\":\"Sant\u00e9 du plancher pelvien\",\"item\":\"https:\\\/\\\/redleafmedical.com\\\/fr\\\/produits\\\/pelvic-floor-health\\\/\"},{\"@type\":\"ListItem\",\"position\":4,\"name\":\"DefluxMC\"}]},{\"@type\":\"WebSite\",\"@id\":\"https:\\\/\\\/redleafmedical.com\\\/#website\",\"url\":\"https:\\\/\\\/redleafmedical.com\\\/\",\"name\":\"Red Leaf Medical\",\"description\":\"Red Leaf Medical is a leading Canadian healthcare company specializing in urology and infectious disease.\",\"publisher\":{\"@id\":\"https:\\\/\\\/redleafmedical.com\\\/#organization\"},\"potentialAction\":[{\"@type\":\"SearchAction\",\"target\":{\"@type\":\"EntryPoint\",\"urlTemplate\":\"https:\\\/\\\/redleafmedical.com\\\/?s={search_term_string}\"},\"query-input\":{\"@type\":\"PropertyValueSpecification\",\"valueRequired\":true,\"valueName\":\"search_term_string\"}}],\"inLanguage\":\"redleaf-fr-FR\"},{\"@type\":\"Organization\",\"@id\":\"https:\\\/\\\/redleafmedical.com\\\/#organization\",\"name\":\"Red Leaf Medical\",\"url\":\"https:\\\/\\\/redleafmedical.com\\\/\",\"logo\":{\"@type\":\"ImageObject\",\"inLanguage\":\"redleaf-fr-FR\",\"@id\":\"https:\\\/\\\/redleafmedical.com\\\/#\\\/schema\\\/logo\\\/image\\\/\",\"url\":\"https:\\\/\\\/redleafmedical.com\\\/wp-content\\\/uploads\\\/2016\\\/09\\\/RedLeafMedical-logo.jpg\",\"contentUrl\":\"https:\\\/\\\/redleafmedical.com\\\/wp-content\\\/uploads\\\/2016\\\/09\\\/RedLeafMedical-logo.jpg\",\"width\":94,\"height\":130,\"caption\":\"Red Leaf Medical\"},\"image\":{\"@id\":\"https:\\\/\\\/redleafmedical.com\\\/#\\\/schema\\\/logo\\\/image\\\/\"}}]}<\/script>\n<!-- \/ Yoast SEO plugin. -->","yoast_head_json":{"title":"DefluxMC - Red Leaf Medical","robots":{"index":"index","follow":"follow","max-snippet":"max-snippet:-1","max-image-preview":"max-image-preview:large","max-video-preview":"max-video-preview:-1"},"canonical":"https:\/\/redleafmedical.com\/fr\/produits\/pelvic-floor-health\/deflux\/","og_locale":"en_US","og_type":"article","og_title":"DefluxMC - Red Leaf Medical","og_url":"https:\/\/redleafmedical.com\/fr\/produits\/pelvic-floor-health\/deflux\/","og_site_name":"Red Leaf Medical","article_modified_time":"2021-09-08T14:54:36+00:00","og_image":[{"url":"https:\/\/redleafmedical.com\/wp-content\/uploads\/2016\/08\/Deflux.jpg","type":"","width":"","height":""}],"twitter_card":"summary_large_image","schema":{"@context":"https:\/\/schema.org","@graph":[{"@type":"WebPage","@id":"https:\/\/redleafmedical.com\/fr\/produits\/pelvic-floor-health\/deflux\/","url":"https:\/\/redleafmedical.com\/fr\/produits\/pelvic-floor-health\/deflux\/","name":"DefluxMC - Red Leaf Medical","isPartOf":{"@id":"https:\/\/redleafmedical.com\/#website"},"primaryImageOfPage":{"@id":"https:\/\/redleafmedical.com\/fr\/produits\/pelvic-floor-health\/deflux\/#primaryimage"},"image":{"@id":"https:\/\/redleafmedical.com\/fr\/produits\/pelvic-floor-health\/deflux\/#primaryimage"},"thumbnailUrl":"https:\/\/redleafmedical.com\/wp-content\/uploads\/2016\/08\/Deflux.jpg","datePublished":"2016-10-14T19:24:55+00:00","dateModified":"2021-09-08T14:54:36+00:00","breadcrumb":{"@id":"https:\/\/redleafmedical.com\/fr\/produits\/pelvic-floor-health\/deflux\/#breadcrumb"},"inLanguage":"redleaf-fr-FR","potentialAction":[{"@type":"ReadAction","target":["https:\/\/redleafmedical.com\/fr\/produits\/pelvic-floor-health\/deflux\/"]}]},{"@type":"ImageObject","inLanguage":"redleaf-fr-FR","@id":"https:\/\/redleafmedical.com\/fr\/produits\/pelvic-floor-health\/deflux\/#primaryimage","url":"https:\/\/redleafmedical.com\/wp-content\/uploads\/2016\/08\/Deflux.jpg","contentUrl":"https:\/\/redleafmedical.com\/wp-content\/uploads\/2016\/08\/Deflux.jpg"},{"@type":"BreadcrumbList","@id":"https:\/\/redleafmedical.com\/fr\/produits\/pelvic-floor-health\/deflux\/#breadcrumb","itemListElement":[{"@type":"ListItem","position":1,"name":"Home","item":"https:\/\/redleafmedical.com\/fr\/"},{"@type":"ListItem","position":2,"name":"Produits","item":"https:\/\/redleafmedical.com\/fr\/produits\/"},{"@type":"ListItem","position":3,"name":"Sant\u00e9 du plancher pelvien","item":"https:\/\/redleafmedical.com\/fr\/produits\/pelvic-floor-health\/"},{"@type":"ListItem","position":4,"name":"DefluxMC"}]},{"@type":"WebSite","@id":"https:\/\/redleafmedical.com\/#website","url":"https:\/\/redleafmedical.com\/","name":"Red Leaf Medical","description":"Red Leaf Medical is a leading Canadian healthcare company specializing in urology and infectious disease.","publisher":{"@id":"https:\/\/redleafmedical.com\/#organization"},"potentialAction":[{"@type":"SearchAction","target":{"@type":"EntryPoint","urlTemplate":"https:\/\/redleafmedical.com\/?s={search_term_string}"},"query-input":{"@type":"PropertyValueSpecification","valueRequired":true,"valueName":"search_term_string"}}],"inLanguage":"redleaf-fr-FR"},{"@type":"Organization","@id":"https:\/\/redleafmedical.com\/#organization","name":"Red Leaf Medical","url":"https:\/\/redleafmedical.com\/","logo":{"@type":"ImageObject","inLanguage":"redleaf-fr-FR","@id":"https:\/\/redleafmedical.com\/#\/schema\/logo\/image\/","url":"https:\/\/redleafmedical.com\/wp-content\/uploads\/2016\/09\/RedLeafMedical-logo.jpg","contentUrl":"https:\/\/redleafmedical.com\/wp-content\/uploads\/2016\/09\/RedLeafMedical-logo.jpg","width":94,"height":130,"caption":"Red Leaf Medical"},"image":{"@id":"https:\/\/redleafmedical.com\/#\/schema\/logo\/image\/"}}]}},"_links":{"self":[{"href":"https:\/\/redleafmedical.com\/fr\/wp-json\/wp\/v2\/pages\/1091","targetHints":{"allow":["GET"]}}],"collection":[{"href":"https:\/\/redleafmedical.com\/fr\/wp-json\/wp\/v2\/pages"}],"about":[{"href":"https:\/\/redleafmedical.com\/fr\/wp-json\/wp\/v2\/types\/page"}],"author":[{"embeddable":true,"href":"https:\/\/redleafmedical.com\/fr\/wp-json\/wp\/v2\/users\/1"}],"replies":[{"embeddable":true,"href":"https:\/\/redleafmedical.com\/fr\/wp-json\/wp\/v2\/comments?post=1091"}],"version-history":[{"count":0,"href":"https:\/\/redleafmedical.com\/fr\/wp-json\/wp\/v2\/pages\/1091\/revisions"}],"up":[{"embeddable":true,"href":"https:\/\/redleafmedical.com\/fr\/wp-json\/wp\/v2\/pages\/3667"}],"wp:attachment":[{"href":"https:\/\/redleafmedical.com\/fr\/wp-json\/wp\/v2\/media?parent=1091"}],"curies":[{"name":"wp","href":"https:\/\/api.w.org\/{rel}","templated":true}]}}