{"id":1079,"date":"2016-10-14T11:43:51","date_gmt":"2016-10-14T15:43:51","guid":{"rendered":"https:\/\/redleafmedical.com\/fr\/?page_id=1079"},"modified":"2021-09-08T10:58:49","modified_gmt":"2021-09-08T14:58:49","slug":"lofric","status":"publish","type":"page","link":"https:\/\/redleafmedical.com\/fr\/produits\/pelvic-floor-health\/lofric\/","title":{"rendered":"LoFric<sup>MD<\/sup>"},"content":{"rendered":"<div class=\"fusion-fullwidth fullwidth-box fusion-builder-row-1 fusion-flex-container hundred-percent-fullwidth non-hundred-percent-height-scrolling\" style=\"--awb-border-radius-top-left:0px;--awb-border-radius-top-right:0px;--awb-border-radius-bottom-right:0px;--awb-border-radius-bottom-left:0px;--awb-overflow:visible;--awb-flex-wrap:wrap;\" ><div class=\"fusion-builder-row fusion-row fusion-flex-align-items-flex-start fusion-flex-content-wrap\" style=\"width:104% !important;max-width:104% !important;margin-left: calc(-4% \/ 2 );margin-right: calc(-4% \/ 2 );\"><div class=\"fusion-layout-column fusion_builder_column fusion-builder-column-0 fusion_builder_column_1_5 1_5 fusion-flex-column\" style=\"--awb-bg-size:cover;--awb-width-large:20%;--awb-margin-top-large:0px;--awb-spacing-right-large:9.6%;--awb-margin-bottom-large:20px;--awb-spacing-left-large:9.6%;--awb-width-medium:100%;--awb-order-medium:0;--awb-spacing-right-medium:1.92%;--awb-spacing-left-medium:1.92%;--awb-width-small:100%;--awb-order-small:2;--awb-spacing-right-small:1.92%;--awb-spacing-left-small:1.92%;\"><div class=\"fusion-column-wrapper fusion-column-has-shadow fusion-flex-justify-content-flex-start fusion-content-layout-column\"><div class=\"fusion-title title fusion-title-1 sep-underline sep-solid fusion-title-text fusion-title-size-two\" style=\"--awb-text-color:#b32017;--awb-margin-bottom:10px;--awb-sep-color:#082f45;--awb-font-size:1rem;\"><h2 class=\"fusion-title-heading title-heading-left fusion-responsive-typography-calculated\" style=\"margin:0;font-size:1em;--fontSize:16.5;--minFontSize:16.5;line-height:1.23;\">RED LEAF MEDICAL PRODUCTS<\/h2><\/div>\n<div class=\"fusion-widget fusion-widget-element fusion-widget-area fusion-content-widget-area wpWidget-1 products-nav fusion-widget-align-left fusion_widget_vertical_menu no-divider-color\" style=\"--awb-fusion-border-size:0px;--awb-fusion-border-style:solid;\"><div class=\"widget avada_vertical_menu\"><style>#fusion-vertical-menu-widget-avada-vertical-menu-widget-1-nav ul.menu li a {font-size:14px;}<\/style><nav id=\"fusion-vertical-menu-widget-avada-vertical-menu-widget-1-nav\" class=\"fusion-vertical-menu-widget fusion-menu hover left no-border\" aria-label=\"Secondary Navigation: \"><ul id=\"menu-products-menu-french-2021\" class=\"menu\"><li id=\"menu-item-3700\" class=\"menu-item menu-item-type-post_type menu-item-object-page menu-item-has-children menu-item-3700\"><a href=\"https:\/\/redleafmedical.com\/fr\/produits\/pelvic-floor-health\/\"><span class=\"link-text\"> Sant\u00e9 du plancher pelvien<\/span><span class=\"arrow\"><\/span><\/a><ul class=\"sub-menu\"><li id=\"menu-item-3701\" class=\"menu-item menu-item-type-post_type menu-item-object-page menu-item-3701\"><a href=\"https:\/\/redleafmedical.com\/fr\/produits\/pelvic-floor-health\/m-atoms-system\/\"><span class=\"link-text\"> Syst\u00e8me A.M.I. ATOMS<\/span><span class=\"arrow\"><\/span><\/a><\/li><li id=\"menu-item-3702\" class=\"menu-item menu-item-type-post_type menu-item-object-page menu-item-3702\"><a href=\"https:\/\/redleafmedical.com\/fr\/produits\/pelvic-floor-health\/cathetersplus\/\"><span class=\"link-text\"> CathetersPlus<sup>MC<\/sup><\/span><span class=\"arrow\"><\/span><\/a><\/li><li id=\"menu-item-3703\" class=\"menu-item menu-item-type-post_type menu-item-object-page menu-item-3703\"><a href=\"https:\/\/redleafmedical.com\/fr\/produits\/pelvic-floor-health\/deflux\/\"><span class=\"link-text\"> Deflux<sup>MC<\/sup><\/span><span class=\"arrow\"><\/span><\/a><\/li><li id=\"menu-item-3704\" class=\"menu-item menu-item-type-post_type menu-item-object-page menu-item-3704\"><a href=\"https:\/\/redleafmedical.com\/fr\/produits\/pelvic-floor-health\/instylan\/\"><span class=\"link-text\"> INSTYLAN<\/span><span class=\"arrow\"><\/span><\/a><\/li><li id=\"menu-item-3705\" class=\"menu-item menu-item-type-post_type menu-item-object-page menu-item-3705\"><a href=\"https:\/\/redleafmedical.com\/fr\/produits\/pelvic-floor-health\/lofric\/\"><span class=\"link-text\"> LoFric<sup>MD<\/sup><\/span><span class=\"arrow\"><\/span><\/a><\/li><\/ul><\/li><li id=\"menu-item-3709\" class=\"menu-item menu-item-type-post_type menu-item-object-page menu-item-has-children menu-item-3709\"><a href=\"https:\/\/redleafmedical.com\/fr\/produits\/fertility-2\/\"><span class=\"link-text\"> Fertilit\u00e9<\/span><span class=\"arrow\"><\/span><\/a><ul class=\"sub-menu\"><li id=\"menu-item-4346\" class=\"menu-item menu-item-type-post_type menu-item-object-page menu-item-4346\"><a href=\"https:\/\/redleafmedical.com\/fr\/produits\/fertility-2\/conceptionplus\/\"><span class=\"link-text\"> ConceptionPLUS\u2122<\/span><span class=\"arrow\"><\/span><\/a><\/li><\/ul><\/li><li id=\"menu-item-3710\" class=\"menu-item menu-item-type-post_type menu-item-object-page menu-item-has-children menu-item-3710\"><a href=\"https:\/\/redleafmedical.com\/fr\/produits\/infectious-disease\/\"><span class=\"link-text\"> MALADIE INFECTIEUSE<\/span><span class=\"arrow\"><\/span><\/a><ul class=\"sub-menu\"><li id=\"menu-item-3711\" class=\"menu-item menu-item-type-post_type menu-item-object-page menu-item-3711\"><a href=\"https:\/\/redleafmedical.com\/fr\/produits\/infectious-disease\/uromune\/\"><span class=\"link-text\"> UROMUNE\u2122 (MV 140)<\/span><span class=\"arrow\"><\/span><\/a><\/li><li id=\"menu-item-3712\" class=\"menu-item menu-item-type-post_type menu-item-object-page menu-item-3712\"><a href=\"https:\/\/redleafmedical.com\/fr\/produits\/infectious-disease\/bactek\/\"><span class=\"link-text\"> BACTEK<sup>MC<\/sup><\/span><span class=\"arrow\"><\/span><\/a><\/li><\/ul><\/li><li id=\"menu-item-3713\" class=\"menu-item menu-item-type-post_type menu-item-object-page menu-item-has-children menu-item-3713\"><a href=\"https:\/\/redleafmedical.com\/fr\/produits\/paediatric-urology\/\"><span class=\"link-text\"> Urologie p\u00e9diatrique<\/span><span class=\"arrow\"><\/span><\/a><ul class=\"sub-menu\"><li id=\"menu-item-3714\" class=\"menu-item menu-item-type-post_type menu-item-object-page menu-item-3714\"><a href=\"https:\/\/redleafmedical.com\/fr\/produits\/paediatric-urology\/deflux-vur\/\"><span class=\"link-text\"> Deflux VUR<\/span><span class=\"arrow\"><\/span><\/a><\/li><\/ul><\/li><\/ul><\/nav><\/div><\/div><\/div><\/div>\n<div class=\"fusion-layout-column fusion_builder_column fusion-builder-column-1 fusion_builder_column_4_5 4_5 fusion-flex-column fusion-animated\" style=\"--awb-bg-size:cover;--awb-width-large:80%;--awb-margin-top-large:0px;--awb-spacing-right-large:2.4%;--awb-margin-bottom-large:20px;--awb-spacing-left-large:3.84%;--awb-width-medium:100%;--awb-spacing-right-medium:1.92%;--awb-spacing-left-medium:1.92%;--awb-width-small:100%;--awb-spacing-right-small:1.92%;--awb-spacing-left-small:1.92%;\" data-animationType=\"fadeInDown\" data-animationDuration=\"0.9\" data-animationOffset=\"top-into-view\"><div class=\"fusion-column-wrapper fusion-flex-justify-content-flex-start fusion-content-layout-column\"><div class=\"fusion-image-element \" style=\"--awb-caption-title-font-family:var(--h2_typography-font-family);--awb-caption-title-font-weight:var(--h2_typography-font-weight);--awb-caption-title-font-style:var(--h2_typography-font-style);--awb-caption-title-size:var(--h2_typography-font-size);--awb-caption-title-transform:var(--h2_typography-text-transform);--awb-caption-title-line-height:var(--h2_typography-line-height);--awb-caption-title-letter-spacing:var(--h2_typography-letter-spacing);\"><span class=\" fusion-imageframe imageframe-none imageframe-1 hover-type-none\"><img decoding=\"async\" width=\"200\" height=\"120\" title=\"LoFric\u00ae\" src=\"data:image\/svg+xml,%3Csvg%20xmlns%3D%27http%3A%2F%2Fwww.w3.org%2F2000%2Fsvg%27%20width%3D%27200%27%20height%3D%27120%27%20viewBox%3D%270%200%20200%20120%27%3E%3Crect%20width%3D%27200%27%20height%3D%27120%27%20fill-opacity%3D%220%22%2F%3E%3C%2Fsvg%3E\" data-orig-src=\"https:\/\/redleafmedical.com\/wp-content\/uploads\/2016\/08\/lofric.jpg\" alt class=\"lazyload img-responsive wp-image-579\"\/><\/span><\/div><div class=\"fusion-separator fusion-full-width-sep\" style=\"align-self: center;margin-left: auto;margin-right: auto;margin-top:20px;margin-bottom:20px;width:100%;\"><\/div><div class=\"fusion-title title fusion-title-2 fusion-sep-none fusion-title-text fusion-title-size-two\"><h2 class=\"fusion-title-heading title-heading-left fusion-responsive-typography-calculated\" style=\"margin:0;--fontSize:25;line-height:1.23;\">Depuis plus de 30 ans, plus de gens qu\u2019auparavant b\u00e9n\u00e9ficient du confort de LoFric.<\/h2><\/div><div class=\"fusion-text fusion-text-1\"><p>2013 a marqu\u00e9 le trenti\u00e8me anniversaire des sondes LoFricMD. Au fil des ans, LoFric est devenu synonyme de confort, s\u00e9curit\u00e9 et confiance pour les auto-sondeurs et les professionnels de la sant\u00e9 aussi. Pas \u00e9tonnant. Depuis le premier jour, nous \u00e9coutons les gens qui utilisent nos produits et les professionnels qui les recommandent afin de continuellement d\u00e9velopper des produits et des services qui facilitent la vie de tous. Et en m\u00eame temps \u00e9lever la norme des soins pour les g\u00e9n\u00e9rations d\u2019utilisateurs de sondes et leurs aidants.<\/p>\n<p>LoFric a \u00e9t\u00e9 la premi\u00e8re sonde hydrophile au monde \u2013 utilisant de l\u2019eau comme lubrifiant \u2013 lorsqu\u2019elle a \u00e9t\u00e9 lanc\u00e9e en 1983 par Wellspect HealthCare. Un progr\u00e8s substantiel a \u00e9t\u00e9 accompli. Avec le lancement des sondes LoFric dot\u00e9es de la technologie de surface UrotonicMC, nous avons facilit\u00e9 le cath\u00e9t\u00e9risme, l\u2019avons rendu plus confortable et moins douloureux qu\u2019avant. De plus, au fil des ans, nous avons innov\u00e9 avec de nouvelles sondes plus discr\u00e8tes et plus faciles \u00e0 utiliser afin de faciliter la vie des utilisateurs de sondes.<\/p>\n<p>Pour plus d\u2019information sur la gamme de produits LoFricMD, <a class=\"link-red\" href=\"https:\/\/www.wellspect.com\/products\/bladder-products\" target=\"_blank\" rel=\"noopener\">cliquez ici.<\/a><\/p>\n<p>Pour commander des sondes LoFricMD, demandez \u00e0 vos patients de communiquer avec nous au 1 877 563-7422.<\/p>\n<\/div><\/div><\/div><\/div><\/div>\n","protected":false},"excerpt":{"rendered":"","protected":false},"author":1,"featured_media":0,"parent":3667,"menu_order":0,"comment_status":"closed","ping_status":"closed","template":"100-width.php","meta":{"footnotes":""},"class_list":["post-1079","page","type-page","status-publish","hentry"],"yoast_head":"<!-- This site is optimized with the Yoast SEO plugin v27.3 - https:\/\/yoast.com\/product\/yoast-seo-wordpress\/ -->\n<title>LoFricMD - Red Leaf Medical<\/title>\n<meta name=\"robots\" content=\"index, follow, max-snippet:-1, max-image-preview:large, max-video-preview:-1\" \/>\n<link rel=\"canonical\" href=\"https:\/\/redleafmedical.com\/fr\/produits\/pelvic-floor-health\/lofric\/\" \/>\n<meta property=\"og:locale\" content=\"en_US\" \/>\n<meta property=\"og:type\" content=\"article\" \/>\n<meta property=\"og:title\" content=\"LoFricMD - Red Leaf Medical\" \/>\n<meta property=\"og:url\" content=\"https:\/\/redleafmedical.com\/fr\/produits\/pelvic-floor-health\/lofric\/\" \/>\n<meta property=\"og:site_name\" content=\"Red Leaf Medical\" \/>\n<meta property=\"article:modified_time\" content=\"2021-09-08T14:58:49+00:00\" \/>\n<meta property=\"og:image\" content=\"https:\/\/redleafmedical.com\/wp-content\/uploads\/2016\/08\/lofric.jpg\" \/>\n<meta name=\"twitter:card\" content=\"summary_large_image\" \/>\n<script type=\"application\/ld+json\" class=\"yoast-schema-graph\">{\"@context\":\"https:\\\/\\\/schema.org\",\"@graph\":[{\"@type\":\"WebPage\",\"@id\":\"https:\\\/\\\/redleafmedical.com\\\/fr\\\/produits\\\/pelvic-floor-health\\\/lofric\\\/\",\"url\":\"https:\\\/\\\/redleafmedical.com\\\/fr\\\/produits\\\/pelvic-floor-health\\\/lofric\\\/\",\"name\":\"LoFricMD - Red Leaf Medical\",\"isPartOf\":{\"@id\":\"https:\\\/\\\/redleafmedical.com\\\/#website\"},\"primaryImageOfPage\":{\"@id\":\"https:\\\/\\\/redleafmedical.com\\\/fr\\\/produits\\\/pelvic-floor-health\\\/lofric\\\/#primaryimage\"},\"image\":{\"@id\":\"https:\\\/\\\/redleafmedical.com\\\/fr\\\/produits\\\/pelvic-floor-health\\\/lofric\\\/#primaryimage\"},\"thumbnailUrl\":\"https:\\\/\\\/redleafmedical.com\\\/wp-content\\\/uploads\\\/2016\\\/08\\\/lofric.jpg\",\"datePublished\":\"2016-10-14T15:43:51+00:00\",\"dateModified\":\"2021-09-08T14:58:49+00:00\",\"breadcrumb\":{\"@id\":\"https:\\\/\\\/redleafmedical.com\\\/fr\\\/produits\\\/pelvic-floor-health\\\/lofric\\\/#breadcrumb\"},\"inLanguage\":\"redleaf-fr-FR\",\"potentialAction\":[{\"@type\":\"ReadAction\",\"target\":[\"https:\\\/\\\/redleafmedical.com\\\/fr\\\/produits\\\/pelvic-floor-health\\\/lofric\\\/\"]}]},{\"@type\":\"ImageObject\",\"inLanguage\":\"redleaf-fr-FR\",\"@id\":\"https:\\\/\\\/redleafmedical.com\\\/fr\\\/produits\\\/pelvic-floor-health\\\/lofric\\\/#primaryimage\",\"url\":\"https:\\\/\\\/redleafmedical.com\\\/wp-content\\\/uploads\\\/2016\\\/08\\\/lofric.jpg\",\"contentUrl\":\"https:\\\/\\\/redleafmedical.com\\\/wp-content\\\/uploads\\\/2016\\\/08\\\/lofric.jpg\"},{\"@type\":\"BreadcrumbList\",\"@id\":\"https:\\\/\\\/redleafmedical.com\\\/fr\\\/produits\\\/pelvic-floor-health\\\/lofric\\\/#breadcrumb\",\"itemListElement\":[{\"@type\":\"ListItem\",\"position\":1,\"name\":\"Home\",\"item\":\"https:\\\/\\\/redleafmedical.com\\\/fr\\\/\"},{\"@type\":\"ListItem\",\"position\":2,\"name\":\"Produits\",\"item\":\"https:\\\/\\\/redleafmedical.com\\\/fr\\\/produits\\\/\"},{\"@type\":\"ListItem\",\"position\":3,\"name\":\"Sant\u00e9 du plancher pelvien\",\"item\":\"https:\\\/\\\/redleafmedical.com\\\/fr\\\/produits\\\/pelvic-floor-health\\\/\"},{\"@type\":\"ListItem\",\"position\":4,\"name\":\"LoFricMD\"}]},{\"@type\":\"WebSite\",\"@id\":\"https:\\\/\\\/redleafmedical.com\\\/#website\",\"url\":\"https:\\\/\\\/redleafmedical.com\\\/\",\"name\":\"Red Leaf Medical\",\"description\":\"Red Leaf Medical is a leading Canadian healthcare company specializing in urology and infectious disease.\",\"publisher\":{\"@id\":\"https:\\\/\\\/redleafmedical.com\\\/#organization\"},\"potentialAction\":[{\"@type\":\"SearchAction\",\"target\":{\"@type\":\"EntryPoint\",\"urlTemplate\":\"https:\\\/\\\/redleafmedical.com\\\/?s={search_term_string}\"},\"query-input\":{\"@type\":\"PropertyValueSpecification\",\"valueRequired\":true,\"valueName\":\"search_term_string\"}}],\"inLanguage\":\"redleaf-fr-FR\"},{\"@type\":\"Organization\",\"@id\":\"https:\\\/\\\/redleafmedical.com\\\/#organization\",\"name\":\"Red Leaf Medical\",\"url\":\"https:\\\/\\\/redleafmedical.com\\\/\",\"logo\":{\"@type\":\"ImageObject\",\"inLanguage\":\"redleaf-fr-FR\",\"@id\":\"https:\\\/\\\/redleafmedical.com\\\/#\\\/schema\\\/logo\\\/image\\\/\",\"url\":\"https:\\\/\\\/redleafmedical.com\\\/wp-content\\\/uploads\\\/2016\\\/09\\\/RedLeafMedical-logo.jpg\",\"contentUrl\":\"https:\\\/\\\/redleafmedical.com\\\/wp-content\\\/uploads\\\/2016\\\/09\\\/RedLeafMedical-logo.jpg\",\"width\":94,\"height\":130,\"caption\":\"Red Leaf Medical\"},\"image\":{\"@id\":\"https:\\\/\\\/redleafmedical.com\\\/#\\\/schema\\\/logo\\\/image\\\/\"}}]}<\/script>\n<!-- \/ Yoast SEO plugin. -->","yoast_head_json":{"title":"LoFricMD - Red Leaf Medical","robots":{"index":"index","follow":"follow","max-snippet":"max-snippet:-1","max-image-preview":"max-image-preview:large","max-video-preview":"max-video-preview:-1"},"canonical":"https:\/\/redleafmedical.com\/fr\/produits\/pelvic-floor-health\/lofric\/","og_locale":"en_US","og_type":"article","og_title":"LoFricMD - Red Leaf Medical","og_url":"https:\/\/redleafmedical.com\/fr\/produits\/pelvic-floor-health\/lofric\/","og_site_name":"Red Leaf Medical","article_modified_time":"2021-09-08T14:58:49+00:00","og_image":[{"url":"https:\/\/redleafmedical.com\/wp-content\/uploads\/2016\/08\/lofric.jpg","type":"","width":"","height":""}],"twitter_card":"summary_large_image","schema":{"@context":"https:\/\/schema.org","@graph":[{"@type":"WebPage","@id":"https:\/\/redleafmedical.com\/fr\/produits\/pelvic-floor-health\/lofric\/","url":"https:\/\/redleafmedical.com\/fr\/produits\/pelvic-floor-health\/lofric\/","name":"LoFricMD - Red Leaf Medical","isPartOf":{"@id":"https:\/\/redleafmedical.com\/#website"},"primaryImageOfPage":{"@id":"https:\/\/redleafmedical.com\/fr\/produits\/pelvic-floor-health\/lofric\/#primaryimage"},"image":{"@id":"https:\/\/redleafmedical.com\/fr\/produits\/pelvic-floor-health\/lofric\/#primaryimage"},"thumbnailUrl":"https:\/\/redleafmedical.com\/wp-content\/uploads\/2016\/08\/lofric.jpg","datePublished":"2016-10-14T15:43:51+00:00","dateModified":"2021-09-08T14:58:49+00:00","breadcrumb":{"@id":"https:\/\/redleafmedical.com\/fr\/produits\/pelvic-floor-health\/lofric\/#breadcrumb"},"inLanguage":"redleaf-fr-FR","potentialAction":[{"@type":"ReadAction","target":["https:\/\/redleafmedical.com\/fr\/produits\/pelvic-floor-health\/lofric\/"]}]},{"@type":"ImageObject","inLanguage":"redleaf-fr-FR","@id":"https:\/\/redleafmedical.com\/fr\/produits\/pelvic-floor-health\/lofric\/#primaryimage","url":"https:\/\/redleafmedical.com\/wp-content\/uploads\/2016\/08\/lofric.jpg","contentUrl":"https:\/\/redleafmedical.com\/wp-content\/uploads\/2016\/08\/lofric.jpg"},{"@type":"BreadcrumbList","@id":"https:\/\/redleafmedical.com\/fr\/produits\/pelvic-floor-health\/lofric\/#breadcrumb","itemListElement":[{"@type":"ListItem","position":1,"name":"Home","item":"https:\/\/redleafmedical.com\/fr\/"},{"@type":"ListItem","position":2,"name":"Produits","item":"https:\/\/redleafmedical.com\/fr\/produits\/"},{"@type":"ListItem","position":3,"name":"Sant\u00e9 du plancher pelvien","item":"https:\/\/redleafmedical.com\/fr\/produits\/pelvic-floor-health\/"},{"@type":"ListItem","position":4,"name":"LoFricMD"}]},{"@type":"WebSite","@id":"https:\/\/redleafmedical.com\/#website","url":"https:\/\/redleafmedical.com\/","name":"Red Leaf Medical","description":"Red Leaf Medical is a leading Canadian healthcare company specializing in urology and infectious disease.","publisher":{"@id":"https:\/\/redleafmedical.com\/#organization"},"potentialAction":[{"@type":"SearchAction","target":{"@type":"EntryPoint","urlTemplate":"https:\/\/redleafmedical.com\/?s={search_term_string}"},"query-input":{"@type":"PropertyValueSpecification","valueRequired":true,"valueName":"search_term_string"}}],"inLanguage":"redleaf-fr-FR"},{"@type":"Organization","@id":"https:\/\/redleafmedical.com\/#organization","name":"Red Leaf Medical","url":"https:\/\/redleafmedical.com\/","logo":{"@type":"ImageObject","inLanguage":"redleaf-fr-FR","@id":"https:\/\/redleafmedical.com\/#\/schema\/logo\/image\/","url":"https:\/\/redleafmedical.com\/wp-content\/uploads\/2016\/09\/RedLeafMedical-logo.jpg","contentUrl":"https:\/\/redleafmedical.com\/wp-content\/uploads\/2016\/09\/RedLeafMedical-logo.jpg","width":94,"height":130,"caption":"Red Leaf Medical"},"image":{"@id":"https:\/\/redleafmedical.com\/#\/schema\/logo\/image\/"}}]}},"_links":{"self":[{"href":"https:\/\/redleafmedical.com\/fr\/wp-json\/wp\/v2\/pages\/1079","targetHints":{"allow":["GET"]}}],"collection":[{"href":"https:\/\/redleafmedical.com\/fr\/wp-json\/wp\/v2\/pages"}],"about":[{"href":"https:\/\/redleafmedical.com\/fr\/wp-json\/wp\/v2\/types\/page"}],"author":[{"embeddable":true,"href":"https:\/\/redleafmedical.com\/fr\/wp-json\/wp\/v2\/users\/1"}],"replies":[{"embeddable":true,"href":"https:\/\/redleafmedical.com\/fr\/wp-json\/wp\/v2\/comments?post=1079"}],"version-history":[{"count":0,"href":"https:\/\/redleafmedical.com\/fr\/wp-json\/wp\/v2\/pages\/1079\/revisions"}],"up":[{"embeddable":true,"href":"https:\/\/redleafmedical.com\/fr\/wp-json\/wp\/v2\/pages\/3667"}],"wp:attachment":[{"href":"https:\/\/redleafmedical.com\/fr\/wp-json\/wp\/v2\/media?parent=1079"}],"curies":[{"name":"wp","href":"https:\/\/api.w.org\/{rel}","templated":true}]}}