{"id":1061,"date":"2016-10-14T11:26:26","date_gmt":"2016-10-14T15:26:26","guid":{"rendered":"https:\/\/redleafmedical.com\/fr\/?page_id=1061"},"modified":"2021-09-08T11:43:13","modified_gmt":"2021-09-08T15:43:13","slug":"cathetersplus","status":"publish","type":"page","link":"https:\/\/redleafmedical.com\/fr\/produits\/pelvic-floor-health\/cathetersplus\/","title":{"rendered":"CathetersPlus<sup>MC<\/sup>"},"content":{"rendered":"<div class=\"fusion-fullwidth fullwidth-box fusion-builder-row-1 fusion-flex-container hundred-percent-fullwidth non-hundred-percent-height-scrolling\" style=\"--awb-border-radius-top-left:0px;--awb-border-radius-top-right:0px;--awb-border-radius-bottom-right:0px;--awb-border-radius-bottom-left:0px;--awb-flex-wrap:wrap;\" ><div class=\"fusion-builder-row fusion-row fusion-flex-align-items-flex-start fusion-flex-content-wrap\" style=\"width:104% !important;max-width:104% !important;margin-left: calc(-4% \/ 2 );margin-right: calc(-4% \/ 2 );\"><div class=\"fusion-layout-column fusion_builder_column fusion-builder-column-0 fusion_builder_column_1_5 1_5 fusion-flex-column\" style=\"--awb-bg-size:cover;--awb-width-large:20%;--awb-margin-top-large:0px;--awb-spacing-right-large:3.84%;--awb-margin-bottom-large:20px;--awb-spacing-left-large:9.6%;--awb-width-medium:100%;--awb-order-medium:0;--awb-spacing-right-medium:1.92%;--awb-spacing-left-medium:1.92%;--awb-width-small:100%;--awb-order-small:2;--awb-spacing-right-small:1.92%;--awb-spacing-left-small:1.92%;\"><div class=\"fusion-column-wrapper fusion-column-has-shadow fusion-flex-justify-content-flex-start fusion-content-layout-column\"><div class=\"fusion-title title fusion-title-1 sep-underline sep-solid fusion-title-text fusion-title-size-two\" style=\"--awb-text-color:#b32017;--awb-margin-bottom:10px;--awb-sep-color:#082f45;--awb-font-size:1rem;\"><h2 class=\"fusion-title-heading title-heading-left fusion-responsive-typography-calculated\" style=\"margin:0;font-size:1em;--fontSize:16.5;--minFontSize:16.5;line-height:1.23;\">RED LEAF MEDICAL PRODUCTS<\/h2><\/div>\n<div class=\"fusion-widget fusion-widget-element fusion-widget-area fusion-content-widget-area wpWidget-1 products-nav fusion-widget-align-left fusion_widget_vertical_menu no-divider-color\" style=\"--awb-fusion-border-size:0px;--awb-fusion-border-style:solid;\"><div class=\"widget avada_vertical_menu\"><style>#fusion-vertical-menu-widget-avada-vertical-menu-widget-1-nav ul.menu li a {font-size:14px;}<\/style><nav id=\"fusion-vertical-menu-widget-avada-vertical-menu-widget-1-nav\" class=\"fusion-vertical-menu-widget fusion-menu hover left no-border\" aria-label=\"Secondary navigation\"><ul id=\"menu-products-menu-french-2021\" class=\"menu\"><li id=\"menu-item-3700\" class=\"menu-item menu-item-type-post_type menu-item-object-page menu-item-has-children menu-item-3700\"><a href=\"https:\/\/redleafmedical.com\/fr\/produits\/pelvic-floor-health\/\"><span class=\"link-text\"> Sant\u00e9 du plancher pelvien<\/span><span class=\"arrow\"><\/span><\/a><ul class=\"sub-menu\"><li id=\"menu-item-3701\" class=\"menu-item menu-item-type-post_type menu-item-object-page menu-item-3701\"><a href=\"https:\/\/redleafmedical.com\/fr\/produits\/pelvic-floor-health\/m-atoms-system\/\"><span class=\"link-text\"> Syst\u00e8me A.M.I. ATOMS<\/span><span class=\"arrow\"><\/span><\/a><\/li><li id=\"menu-item-3702\" class=\"menu-item menu-item-type-post_type menu-item-object-page menu-item-3702\"><a href=\"https:\/\/redleafmedical.com\/fr\/produits\/pelvic-floor-health\/cathetersplus\/\"><span class=\"link-text\"> CathetersPlus<sup>MC<\/sup><\/span><span class=\"arrow\"><\/span><\/a><\/li><li id=\"menu-item-3703\" class=\"menu-item menu-item-type-post_type menu-item-object-page menu-item-3703\"><a href=\"https:\/\/redleafmedical.com\/fr\/produits\/pelvic-floor-health\/deflux\/\"><span class=\"link-text\"> Deflux<sup>MC<\/sup><\/span><span class=\"arrow\"><\/span><\/a><\/li><li id=\"menu-item-3704\" class=\"menu-item menu-item-type-post_type menu-item-object-page menu-item-3704\"><a href=\"https:\/\/redleafmedical.com\/fr\/produits\/pelvic-floor-health\/instylan\/\"><span class=\"link-text\"> INSTYLAN<\/span><span class=\"arrow\"><\/span><\/a><\/li><li id=\"menu-item-3705\" class=\"menu-item menu-item-type-post_type menu-item-object-page menu-item-3705\"><a href=\"https:\/\/redleafmedical.com\/fr\/produits\/pelvic-floor-health\/lofric\/\"><span class=\"link-text\"> LoFric<sup>MD<\/sup><\/span><span class=\"arrow\"><\/span><\/a><\/li><\/ul><\/li><li id=\"menu-item-3709\" class=\"menu-item menu-item-type-post_type menu-item-object-page menu-item-has-children menu-item-3709\"><a href=\"https:\/\/redleafmedical.com\/fr\/produits\/fertility-2\/\"><span class=\"link-text\"> Fertilit\u00e9<\/span><span class=\"arrow\"><\/span><\/a><ul class=\"sub-menu\"><li id=\"menu-item-4346\" class=\"menu-item menu-item-type-post_type menu-item-object-page menu-item-4346\"><a href=\"https:\/\/redleafmedical.com\/fr\/produits\/fertility-2\/conceptionplus\/\"><span class=\"link-text\"> ConceptionPLUS\u2122<\/span><span class=\"arrow\"><\/span><\/a><\/li><\/ul><\/li><li id=\"menu-item-3710\" class=\"menu-item menu-item-type-post_type menu-item-object-page menu-item-has-children menu-item-3710\"><a href=\"https:\/\/redleafmedical.com\/fr\/produits\/infectious-disease\/\"><span class=\"link-text\"> MALADIE INFECTIEUSE<\/span><span class=\"arrow\"><\/span><\/a><ul class=\"sub-menu\"><li id=\"menu-item-3711\" class=\"menu-item menu-item-type-post_type menu-item-object-page menu-item-3711\"><a href=\"https:\/\/redleafmedical.com\/fr\/produits\/infectious-disease\/uromune\/\"><span class=\"link-text\"> UROMUNE\u2122 (MV 140)<\/span><span class=\"arrow\"><\/span><\/a><\/li><li id=\"menu-item-3712\" class=\"menu-item menu-item-type-post_type menu-item-object-page menu-item-3712\"><a href=\"https:\/\/redleafmedical.com\/fr\/produits\/infectious-disease\/bactek\/\"><span class=\"link-text\"> BACTEK<sup>MC<\/sup><\/span><span class=\"arrow\"><\/span><\/a><\/li><\/ul><\/li><li id=\"menu-item-3713\" class=\"menu-item menu-item-type-post_type menu-item-object-page menu-item-has-children menu-item-3713\"><a href=\"https:\/\/redleafmedical.com\/fr\/produits\/paediatric-urology\/\"><span class=\"link-text\"> Urologie p\u00e9diatrique<\/span><span class=\"arrow\"><\/span><\/a><ul class=\"sub-menu\"><li id=\"menu-item-3714\" class=\"menu-item menu-item-type-post_type menu-item-object-page menu-item-3714\"><a href=\"https:\/\/redleafmedical.com\/fr\/produits\/paediatric-urology\/deflux-vur\/\"><span class=\"link-text\"> Deflux VUR<\/span><span class=\"arrow\"><\/span><\/a><\/li><\/ul><\/li><\/ul><\/nav><\/div><\/div><\/div><\/div>\n<div class=\"fusion-layout-column fusion_builder_column fusion-builder-column-1 fusion_builder_column_4_5 4_5 fusion-flex-column\" style=\"--awb-bg-size:cover;--awb-width-large:80%;--awb-margin-top-large:0px;--awb-spacing-right-large:2.4%;--awb-margin-bottom-large:20px;--awb-spacing-left-large:2.4%;--awb-width-medium:100%;--awb-order-medium:0;--awb-spacing-right-medium:1.92%;--awb-spacing-left-medium:1.92%;--awb-width-small:100%;--awb-order-small:0;--awb-spacing-right-small:1.92%;--awb-spacing-left-small:1.92%;\"><div class=\"fusion-column-wrapper fusion-column-has-shadow fusion-flex-justify-content-flex-start fusion-content-layout-column\"><div class=\"fusion-image-element \" style=\"--awb-margin-top:1px;--awb-margin-bottom:20px;--awb-caption-title-font-family:var(--h2_typography-font-family);--awb-caption-title-font-weight:var(--h2_typography-font-weight);--awb-caption-title-font-style:var(--h2_typography-font-style);--awb-caption-title-size:var(--h2_typography-font-size);--awb-caption-title-transform:var(--h2_typography-text-transform);--awb-caption-title-line-height:var(--h2_typography-line-height);--awb-caption-title-letter-spacing:var(--h2_typography-letter-spacing);\"><span class=\" fusion-imageframe imageframe-none imageframe-1 hover-type-none\"><img decoding=\"async\" width=\"378\" height=\"100\" title=\"CathetersPlus\u2122\" src=\"https:\/\/redleafmedical.com\/wp-content\/uploads\/2016\/08\/cathetersplus-logo.jpg\" alt class=\"img-responsive wp-image-578 disable-lazyload\" srcset=\"https:\/\/redleafmedical.com\/wp-content\/uploads\/2016\/08\/cathetersplus-logo-200x53.jpg 200w, https:\/\/redleafmedical.com\/wp-content\/uploads\/2016\/08\/cathetersplus-logo.jpg 378w\" sizes=\"(max-width: 1024px) 100vw, (max-width: 640px) 100vw, 378px\" \/><\/span><\/div><div class=\"fusion-text fusion-text-1 fusion-text-no-margin\" style=\"--awb-margin-bottom:60px;\"><p>CathetersPLUS<sup>MC<\/sup> est une division de Red Leaf Medical qui s\u2019engage \u00e0 travailler avec la communaut\u00e9 m\u00e9dicale pour am\u00e9liorer la vie des patients qui utilisent des cath\u00e9ters.<\/p>\n<p>Nos experts aident les utilisateurs de cath\u00e9ters depuis des ann\u00e9es en passant en revue les renseignements sur les produits, les techniques de cath\u00e9t\u00e9risme intermittent et d\u2019autres renseignements. CathetersPLUSMC propose toutes les grandes marques de cath\u00e9ters et prend en charge les patients avec une assurance de remboursement.<\/p>\n<p><strong><a class=\"link-red\" href=\"http:\/\/www.cathetersplus.com\/\" target=\"_blank\" rel=\"noopener\">Cliquez ici pour aller sur le site Web de CathetersPlus<sup>MC.<\/sup><\/a><\/strong><\/p>\n<\/div><div class=\"fusion-builder-row fusion-builder-row-inner fusion-row fusion-flex-align-items-flex-start fusion-flex-content-wrap\" style=\"width:104% !important;max-width:104% !important;margin-left: calc(-4% \/ 2 );margin-right: calc(-4% \/ 2 );\"><div class=\"fusion-layout-column fusion_builder_column_inner fusion-builder-nested-column-0 fusion_builder_column_inner_1_2 1_2 fusion-flex-column\" style=\"--awb-bg-size:cover;--awb-width-large:50%;--awb-margin-top-large:0px;--awb-spacing-right-large:3.84%;--awb-margin-bottom-large:20px;--awb-spacing-left-large:3.84%;--awb-width-medium:100%;--awb-order-medium:0;--awb-spacing-right-medium:1.92%;--awb-spacing-left-medium:1.92%;--awb-width-small:100%;--awb-order-small:0;--awb-spacing-right-small:1.92%;--awb-spacing-left-small:1.92%;\"><div class=\"fusion-column-wrapper fusion-column-has-shadow fusion-flex-justify-content-flex-start fusion-content-layout-column\"><div class=\"fusion-reading-box-container reading-box-container-1 test-color-white\" style=\"--awb-title-color:#0a6091;--awb-margin-top:0px;--awb-margin-bottom:84px;\"><div class=\"reading-box\" style=\"background-color:#0a6091;border-width:0px;border-color:#082f45;border-style:solid;\"><div class=\"reading-box-additional\">\n<p><em>\u00ab Je veux aussi profiter de cette occasion pour vous dire \u00e0 quel point vous avez fait une diff\u00e9rence dans ma vie \u00e0 un moment o\u00f9 j\u2019\u00e9tais si vuln\u00e9rable que je pouvais \u00e0 peine m\u2019exprimer. Vous avez d\u00e9ploy\u00e9 un effort suppl\u00e9mentaire pour vous assurer que ma situation m\u00e9dicale soit bien prise en charge. \u00bb<br \/>\n<\/em><br \/>\n<strong>&#8211; Fran\u00e7oise S., Montreal, QC<\/strong><\/p>\n<\/div><div class=\"fusion-clearfix\"><\/div><\/div><\/div><\/div><\/div><div class=\"fusion-layout-column fusion_builder_column_inner fusion-builder-nested-column-1 fusion_builder_column_inner_1_2 1_2 fusion-flex-column\" style=\"--awb-bg-size:cover;--awb-width-large:50%;--awb-margin-top-large:0px;--awb-spacing-right-large:3.84%;--awb-margin-bottom-large:20px;--awb-spacing-left-large:3.84%;--awb-width-medium:100%;--awb-order-medium:0;--awb-spacing-right-medium:1.92%;--awb-spacing-left-medium:1.92%;--awb-width-small:100%;--awb-order-small:0;--awb-spacing-right-small:1.92%;--awb-spacing-left-small:1.92%;\"><div class=\"fusion-column-wrapper fusion-column-has-shadow fusion-flex-justify-content-flex-start fusion-content-layout-column\"><div class=\"fusion-reading-box-container reading-box-container-2 test-color-white\" style=\"--awb-title-color:#0a6091;--awb-margin-top:0px;--awb-margin-bottom:84px;\"><div class=\"reading-box\" style=\"background-color:#0a6091;border-width:0px;border-color:#082f45;border-style:solid;\"><div class=\"reading-box-additional\">\n<p><em>\u00ab Je remercie tout le personnel de CathetersPLUS pour son service impeccable, compatissant et efficace\u2026 En tant que personne handicap\u00e9e, il est \u00e9difiant et, en fait, m\u00eame vital de rencontrer des personnes aussi serviables et gentilles. \u00bb<\/em><\/p>\n<p><strong>&#8211; Janice G.,P.E.I.<\/strong><\/p>\n<\/div><div class=\"fusion-clearfix\"><\/div><\/div><\/div><\/div><\/div><\/div><\/div><\/div><\/div><\/div>\n","protected":false},"excerpt":{"rendered":"","protected":false},"author":1,"featured_media":0,"parent":3667,"menu_order":0,"comment_status":"closed","ping_status":"closed","template":"100-width.php","meta":{"footnotes":""},"class_list":["post-1061","page","type-page","status-publish","hentry"],"yoast_head":"<!-- This site is optimized with the Yoast SEO plugin v27.4 - https:\/\/yoast.com\/product\/yoast-seo-wordpress\/ -->\n<title>CathetersPlusMC - Red Leaf Medical<\/title>\n<meta name=\"robots\" content=\"index, follow, max-snippet:-1, max-image-preview:large, max-video-preview:-1\" \/>\n<link rel=\"canonical\" href=\"https:\/\/redleafmedical.com\/fr\/produits\/pelvic-floor-health\/cathetersplus\/\" \/>\n<meta property=\"og:locale\" content=\"en_US\" \/>\n<meta property=\"og:type\" content=\"article\" \/>\n<meta property=\"og:title\" content=\"CathetersPlusMC - Red Leaf Medical\" \/>\n<meta property=\"og:url\" content=\"https:\/\/redleafmedical.com\/fr\/produits\/pelvic-floor-health\/cathetersplus\/\" \/>\n<meta property=\"og:site_name\" content=\"Red Leaf Medical\" \/>\n<meta property=\"article:modified_time\" content=\"2021-09-08T15:43:13+00:00\" \/>\n<meta property=\"og:image\" content=\"https:\/\/redleafmedical.com\/wp-content\/uploads\/2016\/08\/cathetersplus-logo.jpg\" \/>\n<meta name=\"twitter:card\" content=\"summary_large_image\" \/>\n<script type=\"application\/ld+json\" class=\"yoast-schema-graph\">{\"@context\":\"https:\\\/\\\/schema.org\",\"@graph\":[{\"@type\":\"WebPage\",\"@id\":\"https:\\\/\\\/redleafmedical.com\\\/fr\\\/produits\\\/pelvic-floor-health\\\/cathetersplus\\\/\",\"url\":\"https:\\\/\\\/redleafmedical.com\\\/fr\\\/produits\\\/pelvic-floor-health\\\/cathetersplus\\\/\",\"name\":\"CathetersPlusMC - Red Leaf Medical\",\"isPartOf\":{\"@id\":\"https:\\\/\\\/redleafmedical.com\\\/#website\"},\"primaryImageOfPage\":{\"@id\":\"https:\\\/\\\/redleafmedical.com\\\/fr\\\/produits\\\/pelvic-floor-health\\\/cathetersplus\\\/#primaryimage\"},\"image\":{\"@id\":\"https:\\\/\\\/redleafmedical.com\\\/fr\\\/produits\\\/pelvic-floor-health\\\/cathetersplus\\\/#primaryimage\"},\"thumbnailUrl\":\"https:\\\/\\\/redleafmedical.com\\\/wp-content\\\/uploads\\\/2016\\\/08\\\/cathetersplus-logo.jpg\",\"datePublished\":\"2016-10-14T15:26:26+00:00\",\"dateModified\":\"2021-09-08T15:43:13+00:00\",\"breadcrumb\":{\"@id\":\"https:\\\/\\\/redleafmedical.com\\\/fr\\\/produits\\\/pelvic-floor-health\\\/cathetersplus\\\/#breadcrumb\"},\"inLanguage\":\"redleaf-fr-FR\",\"potentialAction\":[{\"@type\":\"ReadAction\",\"target\":[\"https:\\\/\\\/redleafmedical.com\\\/fr\\\/produits\\\/pelvic-floor-health\\\/cathetersplus\\\/\"]}]},{\"@type\":\"ImageObject\",\"inLanguage\":\"redleaf-fr-FR\",\"@id\":\"https:\\\/\\\/redleafmedical.com\\\/fr\\\/produits\\\/pelvic-floor-health\\\/cathetersplus\\\/#primaryimage\",\"url\":\"https:\\\/\\\/redleafmedical.com\\\/wp-content\\\/uploads\\\/2016\\\/08\\\/cathetersplus-logo.jpg\",\"contentUrl\":\"https:\\\/\\\/redleafmedical.com\\\/wp-content\\\/uploads\\\/2016\\\/08\\\/cathetersplus-logo.jpg\"},{\"@type\":\"BreadcrumbList\",\"@id\":\"https:\\\/\\\/redleafmedical.com\\\/fr\\\/produits\\\/pelvic-floor-health\\\/cathetersplus\\\/#breadcrumb\",\"itemListElement\":[{\"@type\":\"ListItem\",\"position\":1,\"name\":\"Home\",\"item\":\"https:\\\/\\\/redleafmedical.com\\\/fr\\\/\"},{\"@type\":\"ListItem\",\"position\":2,\"name\":\"Produits\",\"item\":\"https:\\\/\\\/redleafmedical.com\\\/fr\\\/produits\\\/\"},{\"@type\":\"ListItem\",\"position\":3,\"name\":\"Sant\u00e9 du plancher pelvien\",\"item\":\"https:\\\/\\\/redleafmedical.com\\\/fr\\\/produits\\\/pelvic-floor-health\\\/\"},{\"@type\":\"ListItem\",\"position\":4,\"name\":\"CathetersPlusMC\"}]},{\"@type\":\"WebSite\",\"@id\":\"https:\\\/\\\/redleafmedical.com\\\/#website\",\"url\":\"https:\\\/\\\/redleafmedical.com\\\/\",\"name\":\"Red Leaf Medical\",\"description\":\"Red Leaf Medical is a leading Canadian healthcare company specializing in urology and infectious disease.\",\"publisher\":{\"@id\":\"https:\\\/\\\/redleafmedical.com\\\/#organization\"},\"potentialAction\":[{\"@type\":\"SearchAction\",\"target\":{\"@type\":\"EntryPoint\",\"urlTemplate\":\"https:\\\/\\\/redleafmedical.com\\\/?s={search_term_string}\"},\"query-input\":{\"@type\":\"PropertyValueSpecification\",\"valueRequired\":true,\"valueName\":\"search_term_string\"}}],\"inLanguage\":\"redleaf-fr-FR\"},{\"@type\":\"Organization\",\"@id\":\"https:\\\/\\\/redleafmedical.com\\\/#organization\",\"name\":\"Red Leaf Medical\",\"url\":\"https:\\\/\\\/redleafmedical.com\\\/\",\"logo\":{\"@type\":\"ImageObject\",\"inLanguage\":\"redleaf-fr-FR\",\"@id\":\"https:\\\/\\\/redleafmedical.com\\\/#\\\/schema\\\/logo\\\/image\\\/\",\"url\":\"https:\\\/\\\/redleafmedical.com\\\/wp-content\\\/uploads\\\/2016\\\/09\\\/RedLeafMedical-logo.jpg\",\"contentUrl\":\"https:\\\/\\\/redleafmedical.com\\\/wp-content\\\/uploads\\\/2016\\\/09\\\/RedLeafMedical-logo.jpg\",\"width\":94,\"height\":130,\"caption\":\"Red Leaf Medical\"},\"image\":{\"@id\":\"https:\\\/\\\/redleafmedical.com\\\/#\\\/schema\\\/logo\\\/image\\\/\"}}]}<\/script>\n<!-- \/ Yoast SEO plugin. -->","yoast_head_json":{"title":"CathetersPlusMC - Red Leaf Medical","robots":{"index":"index","follow":"follow","max-snippet":"max-snippet:-1","max-image-preview":"max-image-preview:large","max-video-preview":"max-video-preview:-1"},"canonical":"https:\/\/redleafmedical.com\/fr\/produits\/pelvic-floor-health\/cathetersplus\/","og_locale":"en_US","og_type":"article","og_title":"CathetersPlusMC - Red Leaf Medical","og_url":"https:\/\/redleafmedical.com\/fr\/produits\/pelvic-floor-health\/cathetersplus\/","og_site_name":"Red Leaf Medical","article_modified_time":"2021-09-08T15:43:13+00:00","og_image":[{"url":"https:\/\/redleafmedical.com\/wp-content\/uploads\/2016\/08\/cathetersplus-logo.jpg","type":"","width":"","height":""}],"twitter_card":"summary_large_image","schema":{"@context":"https:\/\/schema.org","@graph":[{"@type":"WebPage","@id":"https:\/\/redleafmedical.com\/fr\/produits\/pelvic-floor-health\/cathetersplus\/","url":"https:\/\/redleafmedical.com\/fr\/produits\/pelvic-floor-health\/cathetersplus\/","name":"CathetersPlusMC - Red Leaf Medical","isPartOf":{"@id":"https:\/\/redleafmedical.com\/#website"},"primaryImageOfPage":{"@id":"https:\/\/redleafmedical.com\/fr\/produits\/pelvic-floor-health\/cathetersplus\/#primaryimage"},"image":{"@id":"https:\/\/redleafmedical.com\/fr\/produits\/pelvic-floor-health\/cathetersplus\/#primaryimage"},"thumbnailUrl":"https:\/\/redleafmedical.com\/wp-content\/uploads\/2016\/08\/cathetersplus-logo.jpg","datePublished":"2016-10-14T15:26:26+00:00","dateModified":"2021-09-08T15:43:13+00:00","breadcrumb":{"@id":"https:\/\/redleafmedical.com\/fr\/produits\/pelvic-floor-health\/cathetersplus\/#breadcrumb"},"inLanguage":"redleaf-fr-FR","potentialAction":[{"@type":"ReadAction","target":["https:\/\/redleafmedical.com\/fr\/produits\/pelvic-floor-health\/cathetersplus\/"]}]},{"@type":"ImageObject","inLanguage":"redleaf-fr-FR","@id":"https:\/\/redleafmedical.com\/fr\/produits\/pelvic-floor-health\/cathetersplus\/#primaryimage","url":"https:\/\/redleafmedical.com\/wp-content\/uploads\/2016\/08\/cathetersplus-logo.jpg","contentUrl":"https:\/\/redleafmedical.com\/wp-content\/uploads\/2016\/08\/cathetersplus-logo.jpg"},{"@type":"BreadcrumbList","@id":"https:\/\/redleafmedical.com\/fr\/produits\/pelvic-floor-health\/cathetersplus\/#breadcrumb","itemListElement":[{"@type":"ListItem","position":1,"name":"Home","item":"https:\/\/redleafmedical.com\/fr\/"},{"@type":"ListItem","position":2,"name":"Produits","item":"https:\/\/redleafmedical.com\/fr\/produits\/"},{"@type":"ListItem","position":3,"name":"Sant\u00e9 du plancher pelvien","item":"https:\/\/redleafmedical.com\/fr\/produits\/pelvic-floor-health\/"},{"@type":"ListItem","position":4,"name":"CathetersPlusMC"}]},{"@type":"WebSite","@id":"https:\/\/redleafmedical.com\/#website","url":"https:\/\/redleafmedical.com\/","name":"Red Leaf Medical","description":"Red Leaf Medical is a leading Canadian healthcare company specializing in urology and infectious disease.","publisher":{"@id":"https:\/\/redleafmedical.com\/#organization"},"potentialAction":[{"@type":"SearchAction","target":{"@type":"EntryPoint","urlTemplate":"https:\/\/redleafmedical.com\/?s={search_term_string}"},"query-input":{"@type":"PropertyValueSpecification","valueRequired":true,"valueName":"search_term_string"}}],"inLanguage":"redleaf-fr-FR"},{"@type":"Organization","@id":"https:\/\/redleafmedical.com\/#organization","name":"Red Leaf Medical","url":"https:\/\/redleafmedical.com\/","logo":{"@type":"ImageObject","inLanguage":"redleaf-fr-FR","@id":"https:\/\/redleafmedical.com\/#\/schema\/logo\/image\/","url":"https:\/\/redleafmedical.com\/wp-content\/uploads\/2016\/09\/RedLeafMedical-logo.jpg","contentUrl":"https:\/\/redleafmedical.com\/wp-content\/uploads\/2016\/09\/RedLeafMedical-logo.jpg","width":94,"height":130,"caption":"Red Leaf Medical"},"image":{"@id":"https:\/\/redleafmedical.com\/#\/schema\/logo\/image\/"}}]}},"_links":{"self":[{"href":"https:\/\/redleafmedical.com\/fr\/wp-json\/wp\/v2\/pages\/1061","targetHints":{"allow":["GET"]}}],"collection":[{"href":"https:\/\/redleafmedical.com\/fr\/wp-json\/wp\/v2\/pages"}],"about":[{"href":"https:\/\/redleafmedical.com\/fr\/wp-json\/wp\/v2\/types\/page"}],"author":[{"embeddable":true,"href":"https:\/\/redleafmedical.com\/fr\/wp-json\/wp\/v2\/users\/1"}],"replies":[{"embeddable":true,"href":"https:\/\/redleafmedical.com\/fr\/wp-json\/wp\/v2\/comments?post=1061"}],"version-history":[{"count":0,"href":"https:\/\/redleafmedical.com\/fr\/wp-json\/wp\/v2\/pages\/1061\/revisions"}],"up":[{"embeddable":true,"href":"https:\/\/redleafmedical.com\/fr\/wp-json\/wp\/v2\/pages\/3667"}],"wp:attachment":[{"href":"https:\/\/redleafmedical.com\/fr\/wp-json\/wp\/v2\/media?parent=1061"}],"curies":[{"name":"wp","href":"https:\/\/api.w.org\/{rel}","templated":true}]}}