{"id":1032,"date":"2016-10-14T11:05:08","date_gmt":"2016-10-14T15:05:08","guid":{"rendered":"https:\/\/redleafmedical.com\/fr\/?page_id=1032"},"modified":"2021-09-08T10:18:12","modified_gmt":"2021-09-08T14:18:12","slug":"m-atoms-system","status":"publish","type":"page","link":"https:\/\/redleafmedical.com\/fr\/produits\/pelvic-floor-health\/m-atoms-system\/","title":{"rendered":"Syst\u00e8me A.M.I. ATOMS"},"content":{"rendered":"<div class=\"fusion-fullwidth fullwidth-box fusion-builder-row-1 fusion-flex-container hundred-percent-fullwidth non-hundred-percent-height-scrolling\" style=\"--awb-border-radius-top-left:0px;--awb-border-radius-top-right:0px;--awb-border-radius-bottom-right:0px;--awb-border-radius-bottom-left:0px;--awb-overflow:visible;--awb-flex-wrap:wrap;\" ><div class=\"fusion-builder-row fusion-row fusion-flex-align-items-flex-start fusion-flex-content-wrap\" style=\"width:104% !important;max-width:104% !important;margin-left: calc(-4% \/ 2 );margin-right: calc(-4% \/ 2 );\"><div class=\"fusion-layout-column fusion_builder_column fusion-builder-column-0 fusion_builder_column_1_5 1_5 fusion-flex-column\" style=\"--awb-bg-size:cover;--awb-width-large:20%;--awb-margin-top-large:0px;--awb-spacing-right-large:9.6%;--awb-margin-bottom-large:20px;--awb-spacing-left-large:9.6%;--awb-width-medium:100%;--awb-order-medium:0;--awb-spacing-right-medium:1.92%;--awb-spacing-left-medium:1.92%;--awb-width-small:100%;--awb-order-small:2;--awb-spacing-right-small:1.92%;--awb-spacing-left-small:1.92%;\"><div class=\"fusion-column-wrapper fusion-column-has-shadow fusion-flex-justify-content-flex-start fusion-content-layout-column\"><div class=\"fusion-title title fusion-title-1 sep-underline sep-solid fusion-title-text fusion-title-size-two\" style=\"--awb-text-color:#b32017;--awb-margin-bottom:10px;--awb-sep-color:#082f45;--awb-font-size:1rem;\"><h2 class=\"fusion-title-heading title-heading-left fusion-responsive-typography-calculated\" style=\"margin:0;font-size:1em;--fontSize:16.5;--minFontSize:16.5;line-height:1.23;\">RED LEAF MEDICAL PRODUCTS<\/h2><\/div>\n<div class=\"fusion-widget fusion-widget-element fusion-widget-area fusion-content-widget-area wpWidget-1 products-nav fusion-widget-align-left fusion_widget_vertical_menu no-divider-color\" style=\"--awb-fusion-border-size:0px;--awb-fusion-border-style:solid;\"><div class=\"widget avada_vertical_menu\"><style>#fusion-vertical-menu-widget-avada-vertical-menu-widget-1-nav ul.menu li a {font-size:14px;}<\/style><nav id=\"fusion-vertical-menu-widget-avada-vertical-menu-widget-1-nav\" class=\"fusion-vertical-menu-widget fusion-menu hover left no-border\" aria-label=\"Secondary Navigation: \"><ul id=\"menu-products-menu-french-2021\" class=\"menu\"><li id=\"menu-item-3700\" class=\"menu-item menu-item-type-post_type menu-item-object-page menu-item-has-children menu-item-3700\"><a href=\"https:\/\/redleafmedical.com\/fr\/produits\/pelvic-floor-health\/\"><span class=\"link-text\"> Sant\u00e9 du plancher pelvien<\/span><span class=\"arrow\"><\/span><\/a><ul class=\"sub-menu\"><li id=\"menu-item-3701\" class=\"menu-item menu-item-type-post_type menu-item-object-page menu-item-3701\"><a href=\"https:\/\/redleafmedical.com\/fr\/produits\/pelvic-floor-health\/m-atoms-system\/\"><span class=\"link-text\"> Syst\u00e8me A.M.I. ATOMS<\/span><span class=\"arrow\"><\/span><\/a><\/li><li id=\"menu-item-3702\" class=\"menu-item menu-item-type-post_type menu-item-object-page menu-item-3702\"><a href=\"https:\/\/redleafmedical.com\/fr\/produits\/pelvic-floor-health\/cathetersplus\/\"><span class=\"link-text\"> CathetersPlus<sup>MC<\/sup><\/span><span class=\"arrow\"><\/span><\/a><\/li><li id=\"menu-item-3703\" class=\"menu-item menu-item-type-post_type menu-item-object-page menu-item-3703\"><a href=\"https:\/\/redleafmedical.com\/fr\/produits\/pelvic-floor-health\/deflux\/\"><span class=\"link-text\"> Deflux<sup>MC<\/sup><\/span><span class=\"arrow\"><\/span><\/a><\/li><li id=\"menu-item-3704\" class=\"menu-item menu-item-type-post_type menu-item-object-page menu-item-3704\"><a href=\"https:\/\/redleafmedical.com\/fr\/produits\/pelvic-floor-health\/instylan\/\"><span class=\"link-text\"> INSTYLAN<\/span><span class=\"arrow\"><\/span><\/a><\/li><li id=\"menu-item-3705\" class=\"menu-item menu-item-type-post_type menu-item-object-page menu-item-3705\"><a href=\"https:\/\/redleafmedical.com\/fr\/produits\/pelvic-floor-health\/lofric\/\"><span class=\"link-text\"> LoFric<sup>MD<\/sup><\/span><span class=\"arrow\"><\/span><\/a><\/li><\/ul><\/li><li id=\"menu-item-3709\" class=\"menu-item menu-item-type-post_type menu-item-object-page menu-item-has-children menu-item-3709\"><a href=\"https:\/\/redleafmedical.com\/fr\/produits\/fertility-2\/\"><span class=\"link-text\"> Fertilit\u00e9<\/span><span class=\"arrow\"><\/span><\/a><ul class=\"sub-menu\"><li id=\"menu-item-4346\" class=\"menu-item menu-item-type-post_type menu-item-object-page menu-item-4346\"><a href=\"https:\/\/redleafmedical.com\/fr\/produits\/fertility-2\/conceptionplus\/\"><span class=\"link-text\"> ConceptionPLUS\u2122<\/span><span class=\"arrow\"><\/span><\/a><\/li><\/ul><\/li><li id=\"menu-item-3710\" class=\"menu-item menu-item-type-post_type menu-item-object-page menu-item-has-children menu-item-3710\"><a href=\"https:\/\/redleafmedical.com\/fr\/produits\/infectious-disease\/\"><span class=\"link-text\"> MALADIE INFECTIEUSE<\/span><span class=\"arrow\"><\/span><\/a><ul class=\"sub-menu\"><li id=\"menu-item-3711\" class=\"menu-item menu-item-type-post_type menu-item-object-page menu-item-3711\"><a href=\"https:\/\/redleafmedical.com\/fr\/produits\/infectious-disease\/uromune\/\"><span class=\"link-text\"> UROMUNE\u2122 (MV 140)<\/span><span class=\"arrow\"><\/span><\/a><\/li><li id=\"menu-item-3712\" class=\"menu-item menu-item-type-post_type menu-item-object-page menu-item-3712\"><a href=\"https:\/\/redleafmedical.com\/fr\/produits\/infectious-disease\/bactek\/\"><span class=\"link-text\"> BACTEK<sup>MC<\/sup><\/span><span class=\"arrow\"><\/span><\/a><\/li><\/ul><\/li><li id=\"menu-item-3713\" class=\"menu-item menu-item-type-post_type menu-item-object-page menu-item-has-children menu-item-3713\"><a href=\"https:\/\/redleafmedical.com\/fr\/produits\/paediatric-urology\/\"><span class=\"link-text\"> Urologie p\u00e9diatrique<\/span><span class=\"arrow\"><\/span><\/a><ul class=\"sub-menu\"><li id=\"menu-item-3714\" class=\"menu-item menu-item-type-post_type menu-item-object-page menu-item-3714\"><a href=\"https:\/\/redleafmedical.com\/fr\/produits\/paediatric-urology\/deflux-vur\/\"><span class=\"link-text\"> Deflux VUR<\/span><span class=\"arrow\"><\/span><\/a><\/li><\/ul><\/li><\/ul><\/nav><\/div><\/div><\/div><\/div>\n<div class=\"fusion-layout-column fusion_builder_column fusion-builder-column-1 fusion_builder_column_4_5 4_5 fusion-flex-column fusion-animated\" style=\"--awb-bg-size:cover;--awb-width-large:80%;--awb-margin-top-large:0px;--awb-spacing-right-large:2.4%;--awb-margin-bottom-large:20px;--awb-spacing-left-large:3.84%;--awb-width-medium:100%;--awb-spacing-right-medium:1.92%;--awb-spacing-left-medium:1.92%;--awb-width-small:100%;--awb-spacing-right-small:1.92%;--awb-spacing-left-small:1.92%;\" data-animationType=\"fadeInDown\" data-animationDuration=\"0.9\" data-animationOffset=\"top-into-view\"><div class=\"fusion-column-wrapper fusion-flex-justify-content-flex-start fusion-content-layout-column\"><div class=\"fusion-image-element \" style=\"--awb-caption-title-font-family:var(--h2_typography-font-family);--awb-caption-title-font-weight:var(--h2_typography-font-weight);--awb-caption-title-font-style:var(--h2_typography-font-style);--awb-caption-title-size:var(--h2_typography-font-size);--awb-caption-title-transform:var(--h2_typography-text-transform);--awb-caption-title-line-height:var(--h2_typography-line-height);--awb-caption-title-letter-spacing:var(--h2_typography-letter-spacing);\"><span class=\" fusion-imageframe imageframe-none imageframe-1 hover-type-none\"><img decoding=\"async\" width=\"200\" height=\"57\" title=\"ATOMS\" src=\"data:image\/svg+xml,%3Csvg%20xmlns%3D%27http%3A%2F%2Fwww.w3.org%2F2000%2Fsvg%27%20width%3D%27200%27%20height%3D%2757%27%20viewBox%3D%270%200%20200%2057%27%3E%3Crect%20width%3D%27200%27%20height%3D%2757%27%20fill-opacity%3D%220%22%2F%3E%3C%2Fsvg%3E\" data-orig-src=\"https:\/\/redleafmedical.com\/wp-content\/uploads\/2016\/08\/AMI-Logo_klein.png\" alt class=\"lazyload img-responsive wp-image-574\"\/><\/span><\/div><div class=\"fusion-title title fusion-title-2 sep-underline sep-solid fusion-title-text fusion-title-size-two\" style=\"--awb-margin-top:10px;--awb-margin-bottom:3px;\"><h2 class=\"fusion-title-heading title-heading-left fusion-responsive-typography-calculated\" style=\"margin:0;--fontSize:25;line-height:1.23;\">Syst\u00e8me A.M.I. ATOMS<\/h2><\/div><div class=\"fusion-separator fusion-full-width-sep\" style=\"align-self: center;margin-left: auto;margin-right: auto;margin-top:20px;margin-bottom:5px;width:100%;\"><\/div><div class=\"fusion-title title fusion-title-3 fusion-sep-none fusion-title-text fusion-title-size-two\" style=\"--awb-margin-top:5px;--awb-margin-bottom:10px;\"><h2 class=\"fusion-title-heading title-heading-left fusion-responsive-typography-calculated\" style=\"margin:0;--fontSize:25;line-height:1.23;\">Syst\u00e8me ajustable pour l\u2019incontinence urinaire chez l\u2019homme<\/h2><\/div><div class=\"fusion-text fusion-text-1\"><p>Le syst\u00e8me convient \u00e0 tous les degr\u00e9s d\u2019incontinence urinaire, et peut aussi \u00eatre utilis\u00e9 apr\u00e8s une radioth\u00e9rapie.<\/p>\n<\/div><div class=\"fusion-title title fusion-title-4 fusion-sep-none fusion-title-text fusion-title-size-two\" style=\"--awb-margin-top:30px;--awb-margin-bottom:10px;\"><h2 class=\"fusion-title-heading title-heading-left fusion-responsive-typography-calculated\" style=\"margin:0;--fontSize:25;line-height:1.23;\">Le coussinet sous-ur\u00e9tral de substitution au sphincter :<\/h2><\/div><ul style=\"--awb-iconcolor:#9a0000;--awb-line-height:23.8px;--awb-icon-width:23.8px;--awb-icon-height:23.8px;--awb-icon-margin:9.8px;--awb-content-margin:33.6px;\" class=\"fusion-checklist fusion-checklist-1 fusion-checklist-default type-icons\"><li class=\"fusion-li-item\" style=\"\"><span class=\"icon-wrapper circle-no\"><i class=\"fusion-li-icon fa fa-chevron-right\" aria-hidden=\"true\"><\/i><\/span><div class=\"fusion-li-item-content\">est situ\u00e9 au milieu du ruban de fixation au filet et rempli \u00e0 l\u2019aide de la connexion  port-sonde<\/div><\/li><li class=\"fusion-li-item\" style=\"\"><span class=\"icon-wrapper circle-no\"><i class=\"fusion-li-icon fa fa-chevron-right\" aria-hidden=\"true\"><\/i><\/span><div class=\"fusion-li-item-content\">Un ajustement post-chirurgical sp\u00e9cifique au patient ne requiert aucune intervention chirurgicale et peut \u00eatre effectu\u00e9 en tout temps pour neutraliser une incontinence permanente ou une r\u00e9tention urinaire.<\/div><\/li><li class=\"fusion-li-item\" style=\"\"><span class=\"icon-wrapper circle-no\"><i class=\"fusion-li-icon fa fa-chevron-right\" aria-hidden=\"true\"><\/i><\/span><div class=\"fusion-li-item-content\">assure une douce pression r\u00e9partie \u00e9galement sur le muscle bulbospongieux. Il n&#8217;y a pas de point de compression maximale sur l&#8217;ur\u00e8tre et le risque d&#8217;\u00e9rosion ur\u00e9trale est r\u00e9duit de mani\u00e8re significative.<\/div><\/li><\/ul><div class=\"fusion-title title fusion-title-5 fusion-sep-none fusion-title-text fusion-title-size-two\" style=\"--awb-margin-top:30px;--awb-margin-bottom:10px;\"><h2 class=\"fusion-title-heading title-heading-left fusion-responsive-typography-calculated\" style=\"margin:0;--fontSize:25;line-height:1.23;\">Fixation en 4 points<\/h2><\/div><div class=\"fusion-text fusion-text-2\"><p>Les bras int\u00e9gr\u00e9s du filet sont tir\u00e9s vers l&#8217;arri\u00e8re jusqu&#8217;au milieu de l&#8217;implant pour fixer le syst\u00e8me en place. Ce processus \u00e9limine le besoin d&#8217;agrafes ou de vis additionnelles, et assure une fixation sym\u00e9trique en 4 points.<\/p>\n<\/div><div class=\"fusion-title title fusion-title-6 fusion-sep-none fusion-title-text fusion-title-size-two\" style=\"--awb-margin-top:30px;--awb-margin-bottom:10px;\"><h2 class=\"fusion-title-heading title-heading-left fusion-responsive-typography-calculated\" style=\"margin:0;--fontSize:25;line-height:1.23;\">La flexibilit\u00e9\u2026<\/h2><\/div><div class=\"fusion-text fusion-text-3\"><p> Un traitement efficace pour l&#8217;incontinence urinaire d\u2019effort l\u00e9g\u00e8re \u00e0 s\u00e9v\u00e8re.<\/p>\n<\/div><div class=\"fusion-title title fusion-title-7 fusion-sep-none fusion-title-text fusion-title-size-two\" style=\"--awb-margin-top:30px;--awb-margin-bottom:10px;\"><h2 class=\"fusion-title-heading title-heading-left fusion-responsive-typography-calculated\" style=\"margin:0;--fontSize:25;line-height:1.23;\">\u2026et le bien-\u00eatre du patient.<\/h2><\/div><div class=\"fusion-text fusion-text-4\"><p>Les patients peuvent uriner librement sans devoir activer une composante m\u00e9canique. Cela signifie que le syst\u00e8me ATOMS convient aussi aux patients souffrant de d\u00e9mence, ou dont on pr\u00e9voit que les habilet\u00e9s cognitives diminueront au fil du temps. Les patients souffrant de douleurs aux articulations (par ex. la goutte) appr\u00e9cient aussi de ne pas devoir faire fonctionner le syst\u00e8me manuellement.<\/p>\n<\/div><div class=\"fusion-title title fusion-title-8 fusion-sep-none fusion-title-text fusion-title-size-two\" style=\"--awb-margin-top:30px;--awb-margin-bottom:10px;\"><h2 class=\"fusion-title-heading title-heading-left fusion-responsive-typography-calculated\" style=\"margin:0;--fontSize:25;line-height:1.23;\">Syst\u00e8me hydraulique<\/h2><\/div><div class=\"fusion-text fusion-text-5\"><p>Le syst\u00e8me ATOMS est fabriqu\u00e9 uniquement de composantes fonctionnant de mani\u00e8re hydraulique. Les patients sont ainsi \u00e9pargn\u00e9s des difficult\u00e9s caus\u00e9es par les d\u00e9faillances qui peuvent se produire dans les composantes m\u00e9caniques des mois ou des ann\u00e9es apr\u00e8s l&#8217;implantation.<\/p>\n<\/div><div class=\"fusion-text fusion-text-6\"><p>Pour plus d\u2019information sur ATOMS <a class=\"link-red\" href=\"http:\/\/www.ami.at\/en\/produkt\/a-m-i-atoms-system-2\/?portfolioID=1712\" target=\"_blank\" rel=\"noopener\">cliquez ici.<\/a>.<\/p>\n<\/div><\/div><\/div><\/div><\/div>\n","protected":false},"excerpt":{"rendered":"","protected":false},"author":1,"featured_media":0,"parent":3667,"menu_order":0,"comment_status":"closed","ping_status":"closed","template":"100-width.php","meta":{"footnotes":""},"class_list":["post-1032","page","type-page","status-publish","hentry"],"yoast_head":"<!-- This site is optimized with the Yoast SEO plugin v27.4 - https:\/\/yoast.com\/product\/yoast-seo-wordpress\/ -->\n<title>Syst\u00e8me A.M.I. ATOMS - Red Leaf Medical<\/title>\n<meta name=\"robots\" content=\"index, follow, max-snippet:-1, max-image-preview:large, max-video-preview:-1\" \/>\n<link rel=\"canonical\" href=\"https:\/\/redleafmedical.com\/fr\/produits\/pelvic-floor-health\/m-atoms-system\/\" \/>\n<meta property=\"og:locale\" content=\"en_US\" \/>\n<meta property=\"og:type\" content=\"article\" \/>\n<meta property=\"og:title\" content=\"Syst\u00e8me A.M.I. ATOMS - Red Leaf Medical\" \/>\n<meta property=\"og:url\" content=\"https:\/\/redleafmedical.com\/fr\/produits\/pelvic-floor-health\/m-atoms-system\/\" \/>\n<meta property=\"og:site_name\" content=\"Red Leaf Medical\" \/>\n<meta property=\"article:modified_time\" content=\"2021-09-08T14:18:12+00:00\" \/>\n<meta property=\"og:image\" content=\"https:\/\/redleafmedical.com\/wp-content\/uploads\/2016\/08\/AMI-Logo_klein.png\" \/>\n<meta name=\"twitter:card\" content=\"summary_large_image\" \/>\n<script type=\"application\/ld+json\" class=\"yoast-schema-graph\">{\"@context\":\"https:\\\/\\\/schema.org\",\"@graph\":[{\"@type\":\"WebPage\",\"@id\":\"https:\\\/\\\/redleafmedical.com\\\/fr\\\/produits\\\/pelvic-floor-health\\\/m-atoms-system\\\/\",\"url\":\"https:\\\/\\\/redleafmedical.com\\\/fr\\\/produits\\\/pelvic-floor-health\\\/m-atoms-system\\\/\",\"name\":\"Syst\u00e8me A.M.I. ATOMS - Red Leaf Medical\",\"isPartOf\":{\"@id\":\"https:\\\/\\\/redleafmedical.com\\\/#website\"},\"primaryImageOfPage\":{\"@id\":\"https:\\\/\\\/redleafmedical.com\\\/fr\\\/produits\\\/pelvic-floor-health\\\/m-atoms-system\\\/#primaryimage\"},\"image\":{\"@id\":\"https:\\\/\\\/redleafmedical.com\\\/fr\\\/produits\\\/pelvic-floor-health\\\/m-atoms-system\\\/#primaryimage\"},\"thumbnailUrl\":\"https:\\\/\\\/redleafmedical.com\\\/wp-content\\\/uploads\\\/2016\\\/08\\\/AMI-Logo_klein.png\",\"datePublished\":\"2016-10-14T15:05:08+00:00\",\"dateModified\":\"2021-09-08T14:18:12+00:00\",\"breadcrumb\":{\"@id\":\"https:\\\/\\\/redleafmedical.com\\\/fr\\\/produits\\\/pelvic-floor-health\\\/m-atoms-system\\\/#breadcrumb\"},\"inLanguage\":\"redleaf-fr-FR\",\"potentialAction\":[{\"@type\":\"ReadAction\",\"target\":[\"https:\\\/\\\/redleafmedical.com\\\/fr\\\/produits\\\/pelvic-floor-health\\\/m-atoms-system\\\/\"]}]},{\"@type\":\"ImageObject\",\"inLanguage\":\"redleaf-fr-FR\",\"@id\":\"https:\\\/\\\/redleafmedical.com\\\/fr\\\/produits\\\/pelvic-floor-health\\\/m-atoms-system\\\/#primaryimage\",\"url\":\"https:\\\/\\\/redleafmedical.com\\\/wp-content\\\/uploads\\\/2016\\\/08\\\/AMI-Logo_klein.png\",\"contentUrl\":\"https:\\\/\\\/redleafmedical.com\\\/wp-content\\\/uploads\\\/2016\\\/08\\\/AMI-Logo_klein.png\"},{\"@type\":\"BreadcrumbList\",\"@id\":\"https:\\\/\\\/redleafmedical.com\\\/fr\\\/produits\\\/pelvic-floor-health\\\/m-atoms-system\\\/#breadcrumb\",\"itemListElement\":[{\"@type\":\"ListItem\",\"position\":1,\"name\":\"Home\",\"item\":\"https:\\\/\\\/redleafmedical.com\\\/fr\\\/\"},{\"@type\":\"ListItem\",\"position\":2,\"name\":\"Produits\",\"item\":\"https:\\\/\\\/redleafmedical.com\\\/fr\\\/produits\\\/\"},{\"@type\":\"ListItem\",\"position\":3,\"name\":\"Sant\u00e9 du plancher pelvien\",\"item\":\"https:\\\/\\\/redleafmedical.com\\\/fr\\\/produits\\\/pelvic-floor-health\\\/\"},{\"@type\":\"ListItem\",\"position\":4,\"name\":\"Syst\u00e8me A.M.I. ATOMS\"}]},{\"@type\":\"WebSite\",\"@id\":\"https:\\\/\\\/redleafmedical.com\\\/#website\",\"url\":\"https:\\\/\\\/redleafmedical.com\\\/\",\"name\":\"Red Leaf Medical\",\"description\":\"Red Leaf Medical is a leading Canadian healthcare company specializing in urology and infectious disease.\",\"publisher\":{\"@id\":\"https:\\\/\\\/redleafmedical.com\\\/#organization\"},\"potentialAction\":[{\"@type\":\"SearchAction\",\"target\":{\"@type\":\"EntryPoint\",\"urlTemplate\":\"https:\\\/\\\/redleafmedical.com\\\/?s={search_term_string}\"},\"query-input\":{\"@type\":\"PropertyValueSpecification\",\"valueRequired\":true,\"valueName\":\"search_term_string\"}}],\"inLanguage\":\"redleaf-fr-FR\"},{\"@type\":\"Organization\",\"@id\":\"https:\\\/\\\/redleafmedical.com\\\/#organization\",\"name\":\"Red Leaf Medical\",\"url\":\"https:\\\/\\\/redleafmedical.com\\\/\",\"logo\":{\"@type\":\"ImageObject\",\"inLanguage\":\"redleaf-fr-FR\",\"@id\":\"https:\\\/\\\/redleafmedical.com\\\/#\\\/schema\\\/logo\\\/image\\\/\",\"url\":\"https:\\\/\\\/redleafmedical.com\\\/wp-content\\\/uploads\\\/2016\\\/09\\\/RedLeafMedical-logo.jpg\",\"contentUrl\":\"https:\\\/\\\/redleafmedical.com\\\/wp-content\\\/uploads\\\/2016\\\/09\\\/RedLeafMedical-logo.jpg\",\"width\":94,\"height\":130,\"caption\":\"Red Leaf Medical\"},\"image\":{\"@id\":\"https:\\\/\\\/redleafmedical.com\\\/#\\\/schema\\\/logo\\\/image\\\/\"}}]}<\/script>\n<!-- \/ Yoast SEO plugin. -->","yoast_head_json":{"title":"Syst\u00e8me A.M.I. ATOMS - Red Leaf Medical","robots":{"index":"index","follow":"follow","max-snippet":"max-snippet:-1","max-image-preview":"max-image-preview:large","max-video-preview":"max-video-preview:-1"},"canonical":"https:\/\/redleafmedical.com\/fr\/produits\/pelvic-floor-health\/m-atoms-system\/","og_locale":"en_US","og_type":"article","og_title":"Syst\u00e8me A.M.I. ATOMS - Red Leaf Medical","og_url":"https:\/\/redleafmedical.com\/fr\/produits\/pelvic-floor-health\/m-atoms-system\/","og_site_name":"Red Leaf Medical","article_modified_time":"2021-09-08T14:18:12+00:00","og_image":[{"url":"https:\/\/redleafmedical.com\/wp-content\/uploads\/2016\/08\/AMI-Logo_klein.png","type":"","width":"","height":""}],"twitter_card":"summary_large_image","schema":{"@context":"https:\/\/schema.org","@graph":[{"@type":"WebPage","@id":"https:\/\/redleafmedical.com\/fr\/produits\/pelvic-floor-health\/m-atoms-system\/","url":"https:\/\/redleafmedical.com\/fr\/produits\/pelvic-floor-health\/m-atoms-system\/","name":"Syst\u00e8me A.M.I. ATOMS - Red Leaf Medical","isPartOf":{"@id":"https:\/\/redleafmedical.com\/#website"},"primaryImageOfPage":{"@id":"https:\/\/redleafmedical.com\/fr\/produits\/pelvic-floor-health\/m-atoms-system\/#primaryimage"},"image":{"@id":"https:\/\/redleafmedical.com\/fr\/produits\/pelvic-floor-health\/m-atoms-system\/#primaryimage"},"thumbnailUrl":"https:\/\/redleafmedical.com\/wp-content\/uploads\/2016\/08\/AMI-Logo_klein.png","datePublished":"2016-10-14T15:05:08+00:00","dateModified":"2021-09-08T14:18:12+00:00","breadcrumb":{"@id":"https:\/\/redleafmedical.com\/fr\/produits\/pelvic-floor-health\/m-atoms-system\/#breadcrumb"},"inLanguage":"redleaf-fr-FR","potentialAction":[{"@type":"ReadAction","target":["https:\/\/redleafmedical.com\/fr\/produits\/pelvic-floor-health\/m-atoms-system\/"]}]},{"@type":"ImageObject","inLanguage":"redleaf-fr-FR","@id":"https:\/\/redleafmedical.com\/fr\/produits\/pelvic-floor-health\/m-atoms-system\/#primaryimage","url":"https:\/\/redleafmedical.com\/wp-content\/uploads\/2016\/08\/AMI-Logo_klein.png","contentUrl":"https:\/\/redleafmedical.com\/wp-content\/uploads\/2016\/08\/AMI-Logo_klein.png"},{"@type":"BreadcrumbList","@id":"https:\/\/redleafmedical.com\/fr\/produits\/pelvic-floor-health\/m-atoms-system\/#breadcrumb","itemListElement":[{"@type":"ListItem","position":1,"name":"Home","item":"https:\/\/redleafmedical.com\/fr\/"},{"@type":"ListItem","position":2,"name":"Produits","item":"https:\/\/redleafmedical.com\/fr\/produits\/"},{"@type":"ListItem","position":3,"name":"Sant\u00e9 du plancher pelvien","item":"https:\/\/redleafmedical.com\/fr\/produits\/pelvic-floor-health\/"},{"@type":"ListItem","position":4,"name":"Syst\u00e8me A.M.I. ATOMS"}]},{"@type":"WebSite","@id":"https:\/\/redleafmedical.com\/#website","url":"https:\/\/redleafmedical.com\/","name":"Red Leaf Medical","description":"Red Leaf Medical is a leading Canadian healthcare company specializing in urology and infectious disease.","publisher":{"@id":"https:\/\/redleafmedical.com\/#organization"},"potentialAction":[{"@type":"SearchAction","target":{"@type":"EntryPoint","urlTemplate":"https:\/\/redleafmedical.com\/?s={search_term_string}"},"query-input":{"@type":"PropertyValueSpecification","valueRequired":true,"valueName":"search_term_string"}}],"inLanguage":"redleaf-fr-FR"},{"@type":"Organization","@id":"https:\/\/redleafmedical.com\/#organization","name":"Red Leaf Medical","url":"https:\/\/redleafmedical.com\/","logo":{"@type":"ImageObject","inLanguage":"redleaf-fr-FR","@id":"https:\/\/redleafmedical.com\/#\/schema\/logo\/image\/","url":"https:\/\/redleafmedical.com\/wp-content\/uploads\/2016\/09\/RedLeafMedical-logo.jpg","contentUrl":"https:\/\/redleafmedical.com\/wp-content\/uploads\/2016\/09\/RedLeafMedical-logo.jpg","width":94,"height":130,"caption":"Red Leaf Medical"},"image":{"@id":"https:\/\/redleafmedical.com\/#\/schema\/logo\/image\/"}}]}},"_links":{"self":[{"href":"https:\/\/redleafmedical.com\/fr\/wp-json\/wp\/v2\/pages\/1032","targetHints":{"allow":["GET"]}}],"collection":[{"href":"https:\/\/redleafmedical.com\/fr\/wp-json\/wp\/v2\/pages"}],"about":[{"href":"https:\/\/redleafmedical.com\/fr\/wp-json\/wp\/v2\/types\/page"}],"author":[{"embeddable":true,"href":"https:\/\/redleafmedical.com\/fr\/wp-json\/wp\/v2\/users\/1"}],"replies":[{"embeddable":true,"href":"https:\/\/redleafmedical.com\/fr\/wp-json\/wp\/v2\/comments?post=1032"}],"version-history":[{"count":0,"href":"https:\/\/redleafmedical.com\/fr\/wp-json\/wp\/v2\/pages\/1032\/revisions"}],"up":[{"embeddable":true,"href":"https:\/\/redleafmedical.com\/fr\/wp-json\/wp\/v2\/pages\/3667"}],"wp:attachment":[{"href":"https:\/\/redleafmedical.com\/fr\/wp-json\/wp\/v2\/media?parent=1032"}],"curies":[{"name":"wp","href":"https:\/\/api.w.org\/{rel}","templated":true}]}}